{"id":29542,"date":"2025-12-08T11:29:32","date_gmt":"2025-12-08T11:29:32","guid":{"rendered":"https:\/\/sarmesicabluri.ro\/?page_id=29542"},"modified":"2026-01-27T09:58:29","modified_gmt":"2026-01-27T09:58:29","slug":"cuptoare-industriale-pe-gaz-cu-banda-transportoare","status":"publish","type":"page","link":"https:\/\/sarmesicabluri.ro\/en\/cuptoare-industriale-pe-gaz-cu-banda-transportoare\/","title":{"rendered":"Cuptoare industriale pe gaz cu band\u0103 transportoare"},"content":{"rendered":"<p>[et_pb_section fb_built=&#8221;1&#8243; _builder_version=&#8221;4.20.4&#8243; _module_preset=&#8221;default&#8221; da_disable_devices=&#8221;off|off|off&#8221; global_colors_info=&#8221;{}&#8221; da_is_popup=&#8221;off&#8221; da_exit_intent=&#8221;off&#8221; da_has_close=&#8221;on&#8221; da_alt_close=&#8221;off&#8221; da_dark_close=&#8221;off&#8221; da_not_modal=&#8221;on&#8221; da_is_singular=&#8221;off&#8221; da_with_loader=&#8221;off&#8221; da_has_shadow=&#8221;on&#8221;][et_pb_row _builder_version=&#8221;4.20.4&#8243; _module_preset=&#8221;default&#8221; global_colors_info=&#8221;{}&#8221;][et_pb_column type=&#8221;4_4&#8243; _builder_version=&#8221;4.20.4&#8243; _module_preset=&#8221;default&#8221; global_colors_info=&#8221;{}&#8221;][et_pb_text _builder_version=&#8221;4.27.4&#8243; _module_preset=&#8221;default&#8221; header_text_align=&#8221;center&#8221; global_colors_info=&#8221;{}&#8221;]<\/p>\n<h1 style=\"text-align: center;\"><strong><span style=\"color: #ff0000;\">INDUSTRIAL GAS OVENS WITH CONVEYOR BELT<\/span><\/strong><\/h1>\n<p>[\/et_pb_text][\/et_pb_column][\/et_pb_row][\/et_pb_section][et_pb_section fb_built=&#8221;1&#8243; _builder_version=&#8221;4.20.4&#8243; _module_preset=&#8221;default&#8221; da_disable_devices=&#8221;off|off|off&#8221; global_colors_info=&#8221;{}&#8221; da_is_popup=&#8221;off&#8221; da_exit_intent=&#8221;off&#8221; da_has_close=&#8221;on&#8221; da_alt_close=&#8221;off&#8221; da_dark_close=&#8221;off&#8221; da_not_modal=&#8221;on&#8221; da_is_singular=&#8221;off&#8221; da_with_loader=&#8221;off&#8221; da_has_shadow=&#8221;on&#8221;][et_pb_row _builder_version=&#8221;4.27.4&#8243; _module_preset=&#8221;default&#8221; global_colors_info=&#8221;{}&#8221;][et_pb_column type=&#8221;4_4&#8243; _builder_version=&#8221;4.27.4&#8243; _module_preset=&#8221;default&#8221; global_colors_info=&#8221;{}&#8221;][et_pb_text _builder_version=&#8221;4.27.4&#8243; _module_preset=&#8221;default&#8221; text_font_size=&#8221;15px&#8221; global_colors_info=&#8221;{}&#8221;]<\/p>\n<p>Pyroma\u00eetre industrial gas furnaces are designed for high-volume production \u2014 offering stable heating, fast cycle times, fuel efficiency and consistent performance for heat treatments (annealing, stress relief, tempering). They are ideal for intensive industrial lines where high throughput and flexibility are required.<\/p>\n<p>All ovens feature precise temperature control and consistent performance, ideal for high production volumes.<\/p>\n<p>The conveyor belts have variable widths, from 406 mm to 2,540 mm, depending on the model. The power of the plant varies widely (from 146 kW to 1,757 kW), providing flexibility for different requirements.<\/p>\n<p>The hourly productions listed are official, but may vary depending on part type, density, loading and process parameters.<\/p>\n<p><strong>For more information or for an offer tailored to your needs, you can contact us.<\/strong><\/p>\n<p>[\/et_pb_text][\/et_pb_column][\/et_pb_row][et_pb_row column_structure=&#8221;1_2,1_2&#8243; _builder_version=&#8221;4.27.4&#8243; _module_preset=&#8221;default&#8221; global_colors_info=&#8221;{}&#8221;][et_pb_column type=&#8221;1_2&#8243; _builder_version=&#8221;4.27.4&#8243; _module_preset=&#8221;default&#8221; global_colors_info=&#8221;{}&#8221;][et_pb_image src=&#8221;https:\/\/sarmesicabluri.ro\/wp-content\/uploads\/2025\/12\/Cuptoare-industriale-pe-gaz-cu-banda-transportoare.png&#8221; title_text=&#8221;Cuptoare industriale pe gaz cu band\u0103 transportoare&#8221; _builder_version=&#8221;4.27.4&#8243; _module_preset=&#8221;default&#8221; width=&#8221;100%&#8221; module_alignment=&#8221;center&#8221; global_colors_info=&#8221;{}&#8221;][\/et_pb_image][\/et_pb_column][et_pb_column type=&#8221;1_2&#8243; _builder_version=&#8221;4.27.4&#8243; _module_preset=&#8221;default&#8221; global_colors_info=&#8221;{}&#8221;][et_pb_text _builder_version=&#8221;4.27.4&#8243; _module_preset=&#8221;default&#8221; global_colors_info=&#8221;{}&#8221;]<\/p>\n<p><strong>P-1611G \u2013 belt 16\u2033 (406 mm) \u2022 146 kW \u2022 production: approx. 1,570 kg\/h<\/strong><br \/><strong><span style=\"color: #ff0000;\"><a style=\"color: #ff0000;\" href=\"https:\/\/pyromaitreovens.com\/en\/industrial-conveyor-ovens\/gas-ovens\/p-1611g\/\" target=\"_blank\" rel=\"noopener\">TECHNICAL DETAILS<\/a><\/span><\/strong><\/p>\n<p><strong>P-1615G \u2013 belt 16\u2033 (406 mm) \u2022 234 kW \u2022 production: approx. 2,660 kg\/h<\/strong><br \/><strong><span style=\"color: #ff0000;\"><a style=\"color: #ff0000;\" href=\"https:\/\/pyromaitreovens.com\/en\/industrial-conveyor-ovens\/gas-ovens\/p-1615g\/\" target=\"_blank\" rel=\"noopener\">TECHNICAL DETAILS<\/a><\/span><\/strong><\/p>\n<p><strong>P-2015G \u2013 belt 20\u2033 (508 mm) \u2022 234 kW \u2022 production: approx. 2,590 kg\/h<\/strong><br \/><strong><span style=\"color: #ff0000;\"><a style=\"color: #ff0000;\" href=\"https:\/\/pyromaitreovens.com\/en\/industrial-conveyor-ovens\/gas-ovens\/p-2015g\/\" target=\"_blank\" rel=\"noopener\">TECHNICAL DETAILS<\/a><\/span><\/strong><\/p>\n<p><strong>P-2415G \u2013 belt 24\u2033 (610 mm) \u2022 234 kW \u2022 production: approx. 2,475 kg\/h<\/strong><br \/><strong><span style=\"color: #ff0000;\"><a style=\"color: #ff0000;\" href=\"https:\/\/pyromaitreovens.com\/en\/industrial-conveyor-ovens\/gas-ovens\/p-2415g\/\" target=\"_blank\" rel=\"noopener\">TECHNICAL DETAILS<\/a><\/span><\/strong><\/p>\n<p><strong>P-2420G \u2013 belt 24\u2033 (610 mm) \u2022 440 kW \u2022 production: approx. 5,000 kg\/h<\/strong><br \/><strong><span style=\"color: #ff0000;\"><a style=\"color: #ff0000;\" href=\"https:\/\/pyromaitreovens.com\/en\/industrial-conveyor-ovens\/gas-ovens\/p-2420g\/\" target=\"_blank\" rel=\"noopener\">TECHNICAL DETAILS<\/a><\/span><\/strong><\/p>\n<p><strong>P-3611G \u2013 belt 36\u2033 (914 mm) \u2022 440 kW \u2022 production: approx. 5,000 kg\/h<\/strong><br \/><strong><span style=\"color: #ff0000;\"><a style=\"color: #ff0000;\" href=\"https:\/\/pyromaitreovens.com\/en\/industrial-conveyor-ovens\/gas-ovens\/p-3611g\/\" target=\"_blank\" rel=\"noopener\">TECHNICAL DETAILS<\/a><\/span><\/strong><\/p>\n<p><strong>P-3615G \u2013 belt 36\u2033 (914 mm) \u2022 440 kW \u2022 production: approx. 4,885 kg\/h<\/strong><br \/><strong><span style=\"color: #ff0000;\"><a style=\"color: #ff0000;\" href=\"https:\/\/pyromaitreovens.com\/en\/industrial-conveyor-ovens\/gas-ovens\/p-3615g\/\" target=\"_blank\" rel=\"noopener\">TECHNICAL DETAILS<\/a><\/span><\/strong><\/p>\n<p><strong>P-5011G \u2013 belt 50\u2033 (1,270 mm) \u2022 732 kW \u2022 production: approx. 8,635 kg\/h<\/strong><br \/><strong><span style=\"color: #ff0000;\"><a style=\"color: #ff0000;\" href=\"https:\/\/pyromaitreovens.com\/en\/industrial-conveyor-ovens\/gas-ovens\/p-5011g\/\" target=\"_blank\" rel=\"noopener\">TECHNICAL DETAILS<\/a><\/span><\/strong><\/p>\n<p><strong>P-5015G \u2013 belt 50\u2033 (1,270 mm) \u2022 732 kW \u2022 production: approx. 8,410 kg\/h<\/strong><br \/><strong><span style=\"color: #ff0000;\"><a style=\"color: #ff0000;\" href=\"https:\/\/pyromaitreovens.com\/en\/industrial-conveyor-ovens\/gas-ovens\/p-5015g\/\" target=\"_blank\" rel=\"noopener\">TECHNICAL DETAILS<\/a><\/span><\/strong><\/p>\n<p><strong>P-5020G \u2013 belt 50\u2033 (1,270 mm) \u2022 1,500 kW \u2022 production: approx. 9,299 kg\/h<\/strong><br \/><strong><span style=\"color: #ff0000;\"><a style=\"color: #ff0000;\" href=\"https:\/\/pyromaitreovens.com\/en\/industrial-conveyor-ovens\/gas-ovens\/p-5020g\/\" target=\"_blank\" rel=\"noopener\">TECHNICAL DETAILS<\/a><\/span><\/strong><\/p>\n<p><strong>P-7211G \u2013 belt 72\u2033 (1,829 mm) \u2022 732 kW \u2022 production: approx. 7,484 kg\/h<\/strong><br \/><strong><span style=\"color: #ff0000;\"><a style=\"color: #ff0000;\" href=\"https:\/\/pyromaitreovens.com\/en\/industrial-conveyor-ovens\/gas-ovens\/p-7211g\/\" target=\"_blank\" rel=\"noopener\">TECHNICAL DETAILS<\/a><\/span><\/strong><\/p>\n<p><strong>P-7215G \u2013 belt 72\u2033 (1,829 mm) \u2022 1,025 kW \u2022 production: approx. 11,545 kg\/h<\/strong><br \/><strong><span style=\"color: #ff0000;\"><a style=\"color: #ff0000;\" href=\"https:\/\/pyromaitreovens.com\/en\/industrial-conveyor-ovens\/gas-ovens\/p-7215g\/\" target=\"_blank\" rel=\"noopener\">TECHNICAL DETAILS<\/a><\/span><\/strong><\/p>\n<p><strong>P-7220G \u2013 belt 72\u2033 (1,829 mm) \u2022 1,025 kW \u2022 production: approx. 11,025 kg\/h<\/strong><br \/><strong><span style=\"color: #ff0000;\"><a style=\"color: #ff0000;\" href=\"https:\/\/pyromaitreovens.com\/en\/industrial-conveyor-ovens\/gas-ovens\/p-7220g\/\" target=\"_blank\" rel=\"noopener\">TECHNICAL DETAILS<\/a><\/span><\/strong><\/p>\n<p><strong>P-7230G \u2013 belt 72\u2033 (1,829 mm) \u2022 1,170 kW \u2022 production: approx. 11,025 kg\/h<\/strong><br \/><strong><span style=\"color: #ff0000;\"><a style=\"color: #ff0000;\" href=\"https:\/\/pyromaitreovens.com\/en\/industrial-conveyor-ovens\/gas-ovens\/p-7230g\/\" target=\"_blank\" rel=\"noopener\">TECHNICAL DETAILS<\/a><\/span><\/strong><\/p>\n<p><strong>P-10020G \u2013 belt 100\u2033 (2,540 mm) \u2022 1,465 kW \u2022 production: approx. 15,680 kg\/h<\/strong><br \/><strong><span style=\"color: #ff0000;\"><a style=\"color: #ff0000;\" href=\"https:\/\/pyromaitreovens.com\/en\/industrial-conveyor-ovens\/gas-ovens\/p-10020g\/\" target=\"_blank\" rel=\"noopener\">TECHNICAL DETAILS<\/a><\/span><\/strong><\/p>\n<p><strong>P-10030G \u2013 belt 100\u2033 (2,540 mm) \u2022 1,465 kW \u2022 production: approx. 14,545 kg\/h<\/strong><br \/><strong><span style=\"color: #ff0000;\"><a style=\"color: #ff0000;\" href=\"https:\/\/pyromaitreovens.com\/en\/industrial-conveyor-ovens\/gas-ovens\/p-10030g\/\" target=\"_blank\" rel=\"noopener\">TECHNICAL DETAILS<\/a><\/span><\/strong><\/p>\n<p><strong>P-10040G \u2013 belt 100\u2033 (2,540 mm) \u2022 1,757 kW \u2022 production: approx. 17,045 kg\/h<\/strong><br \/><strong><span style=\"color: #ff0000;\"><a style=\"color: #ff0000;\" href=\"https:\/\/pyromaitreovens.com\/en\/industrial-conveyor-ovens\/gas-ovens\/p-10040g\/\" target=\"_blank\" rel=\"noopener\">TECHNICAL DETAILS<\/a><\/span><\/strong><\/p>\n<p>[\/et_pb_text][\/et_pb_column][\/et_pb_row][\/et_pb_section][et_pb_section fb_built=&#8221;1&#8243; custom_padding_last_edited=&#8221;on|tablet&#8221; _builder_version=&#8221;4.27.4&#8243; _module_preset=&#8221;default&#8221; use_background_color_gradient=&#8221;on&#8221; background_color_gradient_direction=&#8221;90deg&#8221; background_color_gradient_stops=&#8221;gcid-21a38e2e-aa1a-425d-9e2d-89357671a567 50%|#ffffff 50%&#8221; custom_margin_tablet=&#8221;0px||0px||true|false&#8221; custom_margin_phone=&#8221;&#8221; custom_margin_last_edited=&#8221;on|tablet&#8221; custom_padding_tablet=&#8221;0px||0px||false|false&#8221; custom_padding_phone=&#8221;&#8221; background_last_edited=&#8221;on|tablet&#8221; use_background_color_gradient_tablet=&#8221;off&#8221; da_disable_devices=&#8221;off|off|off&#8221; global_module=&#8221;3923&#8243; saved_tabs=&#8221;all&#8221; global_colors_info=&#8221;{%22gcid-21a38e2e-aa1a-425d-9e2d-89357671a567%22:%91%22background_color_gradient_stops%22%93}&#8221; da_is_popup=&#8221;off&#8221; da_exit_intent=&#8221;off&#8221; da_has_close=&#8221;on&#8221; da_alt_close=&#8221;off&#8221; da_dark_close=&#8221;off&#8221; da_not_modal=&#8221;on&#8221; da_is_singular=&#8221;off&#8221; da_with_loader=&#8221;off&#8221; da_has_shadow=&#8221;on&#8221;][et_pb_row column_structure=&#8221;1_2,1_2&#8243; custom_padding_last_edited=&#8221;on|tablet&#8221; _builder_version=&#8221;4.20.4&#8243; background_enable_color=&#8221;off&#8221; width_tablet=&#8221;100%&#8221; width_phone=&#8221;&#8221; width_last_edited=&#8221;on|tablet&#8221; module_alignment=&#8221;center&#8221; custom_padding_tablet=&#8221;20px|0px|20px|0px|false|true&#8221; custom_padding_phone=&#8221;&#8221; background_color_tablet=&#8221;gcid-80d6d694-04f4-444b-932e-01bc4f36907f&#8221; background_last_edited=&#8221;on|tablet&#8221; background_enable_color_tablet=&#8221;on&#8221; global_colors_info=&#8221;{%22gcid-80d6d694-04f4-444b-932e-01bc4f36907f%22:%91%22background_color%22%93}&#8221;][et_pb_column type=&#8221;1_2&#8243; _builder_version=&#8221;4.20.4&#8243; custom_padding=&#8221;||||false|true&#8221; custom_padding_tablet=&#8221;|10%||10%|false|true&#8221; custom_padding_phone=&#8221;&#8221; custom_padding_last_edited=&#8221;on|tablet&#8221; global_colors_info=&#8221;{}&#8221; custom_padding__hover=&#8221;|||&#8221;][et_pb_contact_form email=&#8221;office@wireandcable.ro&#8221; custom_message=&#8221;%%name%%||et_pb_line_break_holder||%%email%%||et_pb_line_break_holder||%%telefon%%||et_pb_line_break_holder||%%Message%%&#8221; submit_button_text=&#8221;TRIMITE&#8221; _builder_version=&#8221;4.27.4&#8243; _module_preset=&#8221;default&#8221; _unique_id=&#8221;cb37c702-299a-440a-a784-f46dbc2fddfc&#8221; captcha_text_color=&#8221;#FFFFFF&#8221; custom_button=&#8221;on&#8221; button_text_color=&#8221;#FFFFFF&#8221; button_border_color=&#8221;#FFFFFF&#8221; global_colors_info=&#8221;{}&#8221;][et_pb_contact_field field_id=&#8221;Name&#8221; field_title=&#8221;Nume, Prenume&#8221; _builder_version=&#8221;4.27.4&#8243; global_colors_info=&#8221;{}&#8221; button_text_size__hover_enabled=&#8221;off&#8221; button_one_text_size__hover_enabled=&#8221;off&#8221; button_two_text_size__hover_enabled=&#8221;off&#8221; button_text_color__hover_enabled=&#8221;off&#8221; button_one_text_color__hover_enabled=&#8221;off&#8221; button_two_text_color__hover_enabled=&#8221;off&#8221; button_border_width__hover_enabled=&#8221;off&#8221; button_one_border_width__hover_enabled=&#8221;off&#8221; button_two_border_width__hover_enabled=&#8221;off&#8221; button_border_color__hover_enabled=&#8221;off&#8221; button_one_border_color__hover_enabled=&#8221;off&#8221; button_two_border_color__hover_enabled=&#8221;off&#8221; button_border_radius__hover_enabled=&#8221;off&#8221; button_one_border_radius__hover_enabled=&#8221;off&#8221; button_two_border_radius__hover_enabled=&#8221;off&#8221; button_letter_spacing__hover_enabled=&#8221;off&#8221; button_one_letter_spacing__hover_enabled=&#8221;off&#8221; button_two_letter_spacing__hover_enabled=&#8221;off&#8221; button_bg_color__hover_enabled=&#8221;off&#8221; button_one_bg_color__hover_enabled=&#8221;off&#8221; button_two_bg_color__hover_enabled=&#8221;off&#8221;][\/et_pb_contact_field][et_pb_contact_field field_id=&#8221;Email&#8221; field_title=&#8221;Adres\u0103 Email&#8221; field_type=&#8221;email&#8221; _builder_version=&#8221;4.27.4&#8243; global_colors_info=&#8221;{}&#8221; button_text_size__hover_enabled=&#8221;off&#8221; button_one_text_size__hover_enabled=&#8221;off&#8221; button_two_text_size__hover_enabled=&#8221;off&#8221; button_text_color__hover_enabled=&#8221;off&#8221; button_one_text_color__hover_enabled=&#8221;off&#8221; button_two_text_color__hover_enabled=&#8221;off&#8221; button_border_width__hover_enabled=&#8221;off&#8221; button_one_border_width__hover_enabled=&#8221;off&#8221; button_two_border_width__hover_enabled=&#8221;off&#8221; button_border_color__hover_enabled=&#8221;off&#8221; button_one_border_color__hover_enabled=&#8221;off&#8221; button_two_border_color__hover_enabled=&#8221;off&#8221; button_border_radius__hover_enabled=&#8221;off&#8221; button_one_border_radius__hover_enabled=&#8221;off&#8221; button_two_border_radius__hover_enabled=&#8221;off&#8221; button_letter_spacing__hover_enabled=&#8221;off&#8221; button_one_letter_spacing__hover_enabled=&#8221;off&#8221; button_two_letter_spacing__hover_enabled=&#8221;off&#8221; button_bg_color__hover_enabled=&#8221;off&#8221; button_one_bg_color__hover_enabled=&#8221;off&#8221; button_two_bg_color__hover_enabled=&#8221;off&#8221;][\/et_pb_contact_field][et_pb_contact_field field_id=&#8221;telefon&#8221; field_title=&#8221;Telefon&#8221; fullwidth_field=&#8221;on&#8221; _builder_version=&#8221;4.27.4&#8243; _module_preset=&#8221;default&#8221; global_colors_info=&#8221;{}&#8221;][\/et_pb_contact_field][et_pb_contact_field field_id=&#8221;Message&#8221; field_title=&#8221;Mesaj&#8221; field_type=&#8221;text&#8221; fullwidth_field=&#8221;on&#8221; _builder_version=&#8221;4.27.4&#8243; global_colors_info=&#8221;{}&#8221; button_text_size__hover_enabled=&#8221;off&#8221; button_one_text_size__hover_enabled=&#8221;off&#8221; button_two_text_size__hover_enabled=&#8221;off&#8221; button_text_color__hover_enabled=&#8221;off&#8221; button_one_text_color__hover_enabled=&#8221;off&#8221; button_two_text_color__hover_enabled=&#8221;off&#8221; button_border_width__hover_enabled=&#8221;off&#8221; button_one_border_width__hover_enabled=&#8221;off&#8221; button_two_border_width__hover_enabled=&#8221;off&#8221; button_border_color__hover_enabled=&#8221;off&#8221; button_one_border_color__hover_enabled=&#8221;off&#8221; button_two_border_color__hover_enabled=&#8221;off&#8221; button_border_radius__hover_enabled=&#8221;off&#8221; button_one_border_radius__hover_enabled=&#8221;off&#8221; button_two_border_radius__hover_enabled=&#8221;off&#8221; button_letter_spacing__hover_enabled=&#8221;off&#8221; button_one_letter_spacing__hover_enabled=&#8221;off&#8221; button_two_letter_spacing__hover_enabled=&#8221;off&#8221; button_bg_color__hover_enabled=&#8221;off&#8221; button_one_bg_color__hover_enabled=&#8221;off&#8221; button_two_bg_color__hover_enabled=&#8221;off&#8221;][\/et_pb_contact_field][\/et_pb_contact_form][\/et_pb_column][et_pb_column type=&#8221;1_2&#8243; _builder_version=&#8221;4.20.4&#8243; custom_padding=&#8221;|||&#8221; custom_padding_tablet=&#8221;0px||20px||false|false&#8221; custom_padding_phone=&#8221;|10px||10px|false|true&#8221; custom_padding_last_edited=&#8221;on|tablet&#8221; background_color_tablet=&#8221;#FFFFFF&#8221; background_last_edited=&#8221;on|tablet&#8221; background_enable_color_tablet=&#8221;on&#8221; global_colors_info=&#8221;{}&#8221; custom_padding__hover=&#8221;|||&#8221;][et_pb_image src=&#8221;@ET-DC@eyJkeW5hbWljIjp0cnVlLCJjb250ZW50Ijoic2l0ZV9sb2dvIiwic2V0dGluZ3MiOnt9fQ==@&#8221; url=&#8221;@ET-DC@eyJkeW5hbWljIjp0cnVlLCJjb250ZW50IjoiaG9tZV91cmwiLCJzZXR0aW5ncyI6e319@&#8221; _builder_version=&#8221;4.20.4&#8243; _dynamic_attributes=&#8221;src,url&#8221; _module_preset=&#8221;default&#8221; width_tablet=&#8221;65%&#8221; width_phone=&#8221;&#8221; width_last_edited=&#8221;on|tablet&#8221; module_alignment_tablet=&#8221;center&#8221; module_alignment_phone=&#8221;&#8221; module_alignment_last_edited=&#8221;on|tablet&#8221; global_colors_info=&#8221;{}&#8221;][\/et_pb_image][et_pb_text _builder_version=&#8221;4.16&#8243; text_font=&#8221;|700|||||||&#8221; text_font_size=&#8221;23px&#8221; header_font=&#8221;||||||||&#8221; text_orientation=&#8221;center&#8221; global_colors_info=&#8221;{}&#8221;]Contacteaza-ne echipa de vanzari[\/et_pb_text][et_pb_text _builder_version=&#8221;4.20.4&#8243; text_font=&#8221;||||||||&#8221; text_font_size=&#8221;18px&#8221; text_orientation=&#8221;center&#8221; custom_margin_tablet=&#8221;&#8221; custom_margin_phone=&#8221;0px||0px||false|false&#8221; custom_margin_last_edited=&#8221;on|phone&#8221; custom_padding_tablet=&#8221;&#8221; custom_padding_phone=&#8221;0px||0px||false|false&#8221; custom_padding_last_edited=&#8221;on|phone&#8221; global_colors_info=&#8221;{}&#8221;]<\/p>\n<p>Email: <a href=\"mailto:office@wireandcable.ro\">office@wireandcable.ro<\/a><\/p>\n<p>[\/et_pb_text][et_pb_text _builder_version=&#8221;4.16&#8243; text_font=&#8221;||||||||&#8221; text_font_size=&#8221;18px&#8221; text_orientation=&#8221;center&#8221; global_colors_info=&#8221;{}&#8221;]Telefon:<a href=\"tel:+40756542955\">+40 756 542 955 <\/a>[\/et_pb_text][\/et_pb_column][\/et_pb_row][\/et_pb_section]<\/p>","protected":false},"excerpt":{"rendered":"<p>CUPTOARE INDUSTRIALE PE GAZ CU BANDA TRANSPORTOARECuptoarele industriale pe gaz Pyroma\u00eetre sunt create pentru produc\u021bie de volum mare \u2014 oferind \u00eenc\u0103lzire stabil\u0103, timpi de ciclu rapizi, eficien\u021b\u0103 la consumul de combustibil \u0219i performan\u021b\u0103 constant\u0103 pentru tratamente termice (recoacere, relaxare tensiuni, revenire). Ele sunt ideale pentru linii industriale intensive, unde este nevoie de throughput mare \u0219i [&hellip;]<\/p>","protected":false},"author":2,"featured_media":29551,"parent":0,"menu_order":0,"comment_status":"closed","ping_status":"closed","template":"","meta":{"_acf_changed":false,"_et_pb_use_builder":"on","_et_pb_old_content":"","_et_gb_content_width":"","footnotes":""},"class_list":["post-29542","page","type-page","status-publish","has-post-thumbnail","hentry"],"acf":[],"_links":{"self":[{"href":"https:\/\/sarmesicabluri.ro\/en\/wp-json\/wp\/v2\/pages\/29542","targetHints":{"allow":["GET"]}}],"collection":[{"href":"https:\/\/sarmesicabluri.ro\/en\/wp-json\/wp\/v2\/pages"}],"about":[{"href":"https:\/\/sarmesicabluri.ro\/en\/wp-json\/wp\/v2\/types\/page"}],"author":[{"embeddable":true,"href":"https:\/\/sarmesicabluri.ro\/en\/wp-json\/wp\/v2\/users\/2"}],"replies":[{"embeddable":true,"href":"https:\/\/sarmesicabluri.ro\/en\/wp-json\/wp\/v2\/comments?post=29542"}],"version-history":[{"count":7,"href":"https:\/\/sarmesicabluri.ro\/en\/wp-json\/wp\/v2\/pages\/29542\/revisions"}],"predecessor-version":[{"id":29960,"href":"https:\/\/sarmesicabluri.ro\/en\/wp-json\/wp\/v2\/pages\/29542\/revisions\/29960"}],"wp:featuredmedia":[{"embeddable":true,"href":"https:\/\/sarmesicabluri.ro\/en\/wp-json\/wp\/v2\/media\/29551"}],"wp:attachment":[{"href":"https:\/\/sarmesicabluri.ro\/en\/wp-json\/wp\/v2\/media?parent=29542"}],"curies":[{"name":"wp","href":"https:\/\/api.w.org\/{rel}","templated":true}]}}