{"id":29499,"date":"2025-12-08T10:15:00","date_gmt":"2025-12-08T10:15:00","guid":{"rendered":"https:\/\/sarmesicabluri.ro\/?page_id=29499"},"modified":"2026-01-27T09:54:15","modified_gmt":"2026-01-27T09:54:15","slug":"cuptoare-electrice-industriale-cu-banda","status":"publish","type":"page","link":"https:\/\/sarmesicabluri.ro\/en\/cuptoare-electrice-industriale-cu-banda\/","title":{"rendered":"Cuptoare Electrice Industriale cu Band\u0103"},"content":{"rendered":"<p>[et_pb_section fb_built=&#8221;1&#8243; _builder_version=&#8221;4.20.4&#8243; _module_preset=&#8221;default&#8221; da_disable_devices=&#8221;off|off|off&#8221; global_colors_info=&#8221;{}&#8221; da_is_popup=&#8221;off&#8221; da_exit_intent=&#8221;off&#8221; da_has_close=&#8221;on&#8221; da_alt_close=&#8221;off&#8221; da_dark_close=&#8221;off&#8221; da_not_modal=&#8221;on&#8221; da_is_singular=&#8221;off&#8221; da_with_loader=&#8221;off&#8221; da_has_shadow=&#8221;on&#8221;][et_pb_row _builder_version=&#8221;4.20.4&#8243; _module_preset=&#8221;default&#8221; global_colors_info=&#8221;{}&#8221;][et_pb_column type=&#8221;4_4&#8243; _builder_version=&#8221;4.20.4&#8243; _module_preset=&#8221;default&#8221; global_colors_info=&#8221;{}&#8221;][et_pb_text _builder_version=&#8221;4.27.4&#8243; _module_preset=&#8221;default&#8221; header_text_align=&#8221;center&#8221; global_colors_info=&#8221;{}&#8221;]<\/p>\n<h1 style=\"text-align: center;\"><strong><span style=\"color: #ff0000;\">INDUSTRIAL ELECTRIC OVENS WITH BELT\u00a0<\/span><\/strong><\/h1>\n<p>[\/et_pb_text][\/et_pb_column][\/et_pb_row][\/et_pb_section][et_pb_section fb_built=&#8221;1&#8243; _builder_version=&#8221;4.20.4&#8243; _module_preset=&#8221;default&#8221; da_disable_devices=&#8221;off|off|off&#8221; global_colors_info=&#8221;{}&#8221; da_is_popup=&#8221;off&#8221; da_exit_intent=&#8221;off&#8221; da_has_close=&#8221;on&#8221; da_alt_close=&#8221;off&#8221; da_dark_close=&#8221;off&#8221; da_not_modal=&#8221;on&#8221; da_is_singular=&#8221;off&#8221; da_with_loader=&#8221;off&#8221; da_has_shadow=&#8221;on&#8221;][et_pb_row _builder_version=&#8221;4.27.4&#8243; _module_preset=&#8221;default&#8221; global_colors_info=&#8221;{}&#8221;][et_pb_column type=&#8221;4_4&#8243; _builder_version=&#8221;4.27.4&#8243; _module_preset=&#8221;default&#8221; global_colors_info=&#8221;{}&#8221;][et_pb_text _builder_version=&#8221;4.27.4&#8243; _module_preset=&#8221;default&#8221; text_font_size=&#8221;15px&#8221; global_colors_info=&#8221;{}&#8221;]<\/p>\n<p>Pyroma\u00eetre electric belt furnaces are designed for continuous heat treatment processes, offering uniform heating, precise temperature control and high stability in operation. These equipments are intended for industrial production where constant cycle times, reliability and easy adaptation to different technological flows are required. The furnaces are part of the Pyroma\u00eetre standard range and are available in various configurations, differentiated by belt width, installed power and processing capacity.<\/p>\n<p>All Pyroma\u00eetre electric furnaces are designed for operating temperatures up to 540\u00b0C.<\/p>\n<p>The width of the conveyor belt varies between 254 mm and 1,270 mm, depending on the model.<\/p>\n<p>The installed power varies between 12 kW (small models) and over 120 kW (large P series models).<\/p>\n<p>Processing capacity depends on the type of parts, temperature and load density, but generally falls into the following range:<\/p>\n<ul>\n<li style=\"list-style-type: none;\">\n<ul>\n<li><strong>Small models: approximately 150 \u2013 400 kg\/h<\/strong><\/li>\n<li><strong>Medium models: approximately 400 \u2013 800 kg\/h<\/strong><\/li>\n<li><strong>Large models: approximately 800 \u2013 1,500 kg\/h<\/strong><\/li>\n<li><strong>Very large models: over 1,500 \u2013 2,000 kg\/h<\/strong><\/li>\n<\/ul>\n<\/li>\n<\/ul>\n<p>Capacities are indicative and may vary depending on internal configuration, belt speed and characteristics of the parts processed.<\/p>\n<p>The models in the series <strong>PS<\/strong> are ideal for small and medium productions, and the series <strong>P<\/strong> It is intended for large volumes and continuous industrial flows.<\/p>\n<p><strong>For more information or for an offer tailored to your needs, you can contact us.<\/strong><\/p>\n<p>[\/et_pb_text][\/et_pb_column][\/et_pb_row][et_pb_row column_structure=&#8221;1_2,1_2&#8243; _builder_version=&#8221;4.27.4&#8243; _module_preset=&#8221;default&#8221; global_colors_info=&#8221;{}&#8221;][et_pb_column type=&#8221;1_2&#8243; _builder_version=&#8221;4.27.4&#8243; _module_preset=&#8221;default&#8221; global_colors_info=&#8221;{}&#8221;][et_pb_image src=&#8221;https:\/\/sarmesicabluri.ro\/wp-content\/uploads\/2025\/12\/Cuptoare-electrice-cu-banda-transportoare.jpg&#8221; title_text=&#8221;Cuptoare electrice cu band\u0103 transportoare&#8221; _builder_version=&#8221;4.27.4&#8243; _module_preset=&#8221;default&#8221; width=&#8221;48%&#8221; module_alignment=&#8221;center&#8221; global_colors_info=&#8221;{}&#8221;][\/et_pb_image][\/et_pb_column][et_pb_column type=&#8221;1_2&#8243; _builder_version=&#8221;4.27.4&#8243; _module_preset=&#8221;default&#8221; global_colors_info=&#8221;{}&#8221;][et_pb_text _builder_version=&#8221;4.27.4&#8243; _module_preset=&#8221;default&#8221; global_colors_info=&#8221;{}&#8221;]<\/p>\n<h2><span style=\"color: #ff0000;\"><strong>PS SERIES\u00a0 <\/strong><\/span><\/h2>\n<h2 style=\"text-align: left;\"><span style=\"color: #ff0000;\"><strong>Electric ovens with conveyor belt<\/strong><\/span><\/h2>\n<ul>\n<li><strong>PS-103E \u2013 belt 10\u2033 (254 mm) \u2022 12 kW \u2022 production: approx. 200\u2013250 kg\/h<\/strong><br \/><strong><span style=\"color: #ff0000;\"><a style=\"color: #ff0000;\" href=\"https:\/\/pyromaitreovens.com\/en\/industrial-conveyor-ovens\/electric-ovens\/ps-103e\/\" target=\"_blank\" rel=\"noopener\">TECHNICAL DETAILS<\/a><\/span><\/strong><\/li>\n<li><strong> PS-106E \u2013 belt 10\u2033 (254 mm) \u2022 24 kW \u2022 production: approx. 350\u2013450 kg\/h<\/strong><br \/><strong><span style=\"color: #ff0000;\"><a style=\"color: #ff0000;\" href=\"https:\/\/pyromaitreovens.com\/en\/industrial-conveyor-ovens\/electric-ovens\/ps-106e\/\" target=\"_blank\" rel=\"noopener\">TECHNICAL DETAILS<\/a><\/span><\/strong><\/li>\n<li><strong>PS-206E \u2013 belt 20\u2033 (508 mm) \u2022 24 kW \u2022 production: approx. 400\u2013600 kg\/h<\/strong><br \/><strong><span style=\"color: #ff0000;\"><a style=\"color: #ff0000;\" href=\"https:\/\/pyromaitreovens.com\/en\/industrial-conveyor-ovens\/electric-ovens\/ps-206e\/\" target=\"_blank\" rel=\"noopener\">TECHNICAL DETAILS<\/a><\/span><\/strong><\/li>\n<li><strong>PS-128E \u2013 belt 12\u2033 (305 mm) \u2022 39 kW \u2022 production: approx. 500\u2013700 kg\/h<\/strong><br \/><strong><a href=\"https:\/\/pyromaitreovens.com\/en\/industrial-conveyor-ovens\/electric-ovens\/ps-128e\/\" target=\"_blank\" rel=\"noopener\"><span style=\"color: #ff0000;\">TECHNICAL DETAILS<\/span><\/a><\/strong><\/li>\n<li><strong>PS-168E \u2013 belt 16\u2033 (406 mm) \u2022 45 kW \u2022 production: approx. 600\u2013800 kg\/h<\/strong><br \/><strong><span style=\"color: #ff0000;\"><a style=\"color: #ff0000;\" href=\"https:\/\/pyromaitreovens.com\/en\/industrial-conveyor-ovens\/electric-ovens\/ps-168e\/\" target=\"_blank\" rel=\"noopener\">TECHNICAL DETAILS<\/a><\/span><\/strong><\/li>\n<li><strong>PS-208E \u2013 belt 20\u2033 (508 mm) \u2022 45 kW \u2022 production: approx. 700\u2013900 kg\/h<\/strong><br \/><strong><span style=\"color: #ff0000;\"><a style=\"color: #ff0000;\" href=\"https:\/\/pyromaitreovens.com\/en\/industrial-conveyor-ovens\/electric-ovens\/ps-208e\/\">TECHNICAL DETAILS<\/a><\/span><\/strong><\/li>\n<\/ul>\n<p>[\/et_pb_text][\/et_pb_column][\/et_pb_row][et_pb_row column_structure=&#8221;1_2,1_2&#8243; _builder_version=&#8221;4.27.4&#8243; _module_preset=&#8221;default&#8221; global_colors_info=&#8221;{}&#8221;][et_pb_column type=&#8221;1_2&#8243; _builder_version=&#8221;4.27.4&#8243; _module_preset=&#8221;default&#8221; global_colors_info=&#8221;{}&#8221;][et_pb_text _builder_version=&#8221;4.27.4&#8243; _module_preset=&#8221;default&#8221; global_colors_info=&#8221;{}&#8221;]<\/p>\n<h2><span style=\"color: #ff0000;\"><strong>P SERIES <\/strong><\/span><\/h2>\n<h2><span style=\"color: #ff0000;\"><strong>Electric ovens for large volumes<\/strong><\/span><\/h2>\n<p>&nbsp;<\/p>\n<ul>\n<li><strong> P-1611E \u2013 <\/strong><strong>belt 16\u2033 (406 mm) \u2022 96 kW \u2022 production: approx. 1,800 kg\/h<br \/><\/strong><span style=\"color: #ff0000;\"><strong><a style=\"color: #ff0000;\" href=\"https:\/\/pyromaitreovens.com\/en\/industrial-conveyor-ovens\/electric-ovens\/p-1611e\/\" target=\"_blank\" rel=\"noopener\">TECHNICAL DETAILS<\/a><\/strong><\/span><\/li>\n<li><strong> P-1615E \u2013 <\/strong><strong>16\u2033 (406 mm) tape \u2022 production: approx. <\/strong><strong>1.721 kg\/h<\/strong><strong><br \/><\/strong><span style=\"color: #ff0000;\"><strong><a style=\"color: #ff0000;\" href=\"https:\/\/pyromaitreovens.com\/en\/industrial-conveyor-ovens\/electric-ovens\/p-1615e\/\" target=\"_blank\" rel=\"noopener\">TECHNICAL DETAILS<\/a><\/strong><\/span><\/li>\n<li><strong> P-208E \u2013 <\/strong><strong>belt 20\u2033 (508 mm) \u2022 63 kW \u2022 production: approx. <\/strong><strong>1.100 kg\/h<\/strong><strong><br \/><\/strong><span style=\"color: #ff0000;\"><strong><a style=\"color: #ff0000;\" href=\"https:\/\/pyromaitreovens.com\/en\/industrial-conveyor-ovens\/electric-ovens\/p-208e\/\" target=\"_blank\" rel=\"noopener\">TECHNICAL DETAILS<\/a><\/strong><\/span><\/li>\n<li><strong> P-368E \u2013 <\/strong><strong>36\u2033 (914 mm) belt \u2022 production: approx. <\/strong><strong>1.725 kg\/h<\/strong><strong><br \/><\/strong><span style=\"color: #ff0000;\"><strong><a style=\"color: #ff0000;\" href=\"https:\/\/pyromaitreovens.com\/en\/industrial-conveyor-ovens\/electric-ovens\/p-368e\/\" target=\"_blank\" rel=\"noopener\">TECHNICAL DETAILS<\/a><\/strong><\/span><\/li>\n<li><strong> P-508E \u2013 <\/strong><strong>50\u2033 (1,270 mm) belt \u2022 production: approx. <\/strong><strong>1.550 kg\/h<br \/><\/strong><span style=\"color: #ff0000;\"><strong><a style=\"color: #ff0000;\" href=\"https:\/\/pyromaitreovens.com\/en\/industrial-conveyor-ovens\/electric-ovens\/p-508e\/\" target=\"_blank\" rel=\"noopener\">TECHNICAL DETAILS<\/a><\/strong><\/span><\/li>\n<li><strong> P-3611E \u2013 <\/strong><strong>belt 36\u2033 (914 mm) \u2022 120 kW \u2022 production: approx. <\/strong><strong>2.100 kg\/h<\/strong><strong><br \/><\/strong><span style=\"color: #ff0000;\"><strong><a style=\"color: #ff0000;\" href=\"https:\/\/pyromaitreovens.com\/en\/industrial-conveyor-ovens\/electric-ovens\/p-3611e\/\" target=\"_blank\" rel=\"noopener\">TECHNICAL DETAILS<\/a><\/strong><\/span><\/li>\n<li><strong> P-5011E \u2013 <\/strong><strong>belt 50\u2033 (1,270 mm) \u2022 120 kW \u2022 production: approx. <\/strong><strong>1.850 kg\/h<\/strong><strong><br \/><\/strong><span style=\"color: #ff0000;\"><strong><a style=\"color: #ff0000;\" href=\"https:\/\/pyromaitreovens.com\/en\/industrial-conveyor-ovens\/electric-ovens\/p-5011e\/\" target=\"_blank\" rel=\"noopener\">TECHNICAL DETAILS<\/a><\/strong><\/span><\/li>\n<\/ul>\n<p>[\/et_pb_text][\/et_pb_column][et_pb_column type=&#8221;1_2&#8243; _builder_version=&#8221;4.27.4&#8243; _module_preset=&#8221;default&#8221; global_colors_info=&#8221;{}&#8221;][et_pb_image src=&#8221;https:\/\/sarmesicabluri.ro\/wp-content\/uploads\/2025\/12\/Cuptoare-electrice-pentru-volume-mari.jpg&#8221; title_text=&#8221;Cuptoare electrice pentru volume mari&#8221; _builder_version=&#8221;4.27.4&#8243; _module_preset=&#8221;default&#8221; width=&#8221;48%&#8221; module_alignment=&#8221;center&#8221; global_colors_info=&#8221;{}&#8221;][\/et_pb_image][\/et_pb_column][\/et_pb_row][\/et_pb_section][et_pb_section fb_built=&#8221;1&#8243; custom_padding_last_edited=&#8221;on|tablet&#8221; _builder_version=&#8221;4.27.4&#8243; _module_preset=&#8221;default&#8221; use_background_color_gradient=&#8221;on&#8221; background_color_gradient_direction=&#8221;90deg&#8221; background_color_gradient_stops=&#8221;gcid-21a38e2e-aa1a-425d-9e2d-89357671a567 50%|#ffffff 50%&#8221; custom_margin_tablet=&#8221;0px||0px||true|false&#8221; custom_margin_phone=&#8221;&#8221; custom_margin_last_edited=&#8221;on|tablet&#8221; custom_padding_tablet=&#8221;0px||0px||false|false&#8221; custom_padding_phone=&#8221;&#8221; background_last_edited=&#8221;on|tablet&#8221; use_background_color_gradient_tablet=&#8221;off&#8221; da_disable_devices=&#8221;off|off|off&#8221; global_module=&#8221;3923&#8243; saved_tabs=&#8221;all&#8221; global_colors_info=&#8221;{%22gcid-21a38e2e-aa1a-425d-9e2d-89357671a567%22:%91%22background_color_gradient_stops%22%93}&#8221; da_is_popup=&#8221;off&#8221; da_exit_intent=&#8221;off&#8221; da_has_close=&#8221;on&#8221; da_alt_close=&#8221;off&#8221; da_dark_close=&#8221;off&#8221; da_not_modal=&#8221;on&#8221; da_is_singular=&#8221;off&#8221; da_with_loader=&#8221;off&#8221; da_has_shadow=&#8221;on&#8221;][et_pb_row column_structure=&#8221;1_2,1_2&#8243; custom_padding_last_edited=&#8221;on|tablet&#8221; _builder_version=&#8221;4.20.4&#8243; background_enable_color=&#8221;off&#8221; width_tablet=&#8221;100%&#8221; width_phone=&#8221;&#8221; width_last_edited=&#8221;on|tablet&#8221; module_alignment=&#8221;center&#8221; custom_padding_tablet=&#8221;20px|0px|20px|0px|false|true&#8221; custom_padding_phone=&#8221;&#8221; background_color_tablet=&#8221;gcid-80d6d694-04f4-444b-932e-01bc4f36907f&#8221; background_last_edited=&#8221;on|tablet&#8221; background_enable_color_tablet=&#8221;on&#8221; global_colors_info=&#8221;{%22gcid-80d6d694-04f4-444b-932e-01bc4f36907f%22:%91%22background_color%22%93}&#8221;][et_pb_column type=&#8221;1_2&#8243; _builder_version=&#8221;4.20.4&#8243; custom_padding=&#8221;||||false|true&#8221; custom_padding_tablet=&#8221;|10%||10%|false|true&#8221; custom_padding_phone=&#8221;&#8221; custom_padding_last_edited=&#8221;on|tablet&#8221; global_colors_info=&#8221;{}&#8221; custom_padding__hover=&#8221;|||&#8221;][et_pb_contact_form email=&#8221;office@wireandcable.ro&#8221; custom_message=&#8221;%%name%%||et_pb_line_break_holder||%%email%%||et_pb_line_break_holder||%%telefon%%||et_pb_line_break_holder||%%Message%%&#8221; submit_button_text=&#8221;TRIMITE&#8221; _builder_version=&#8221;4.27.4&#8243; _module_preset=&#8221;default&#8221; _unique_id=&#8221;cb37c702-299a-440a-a784-f46dbc2fddfc&#8221; captcha_text_color=&#8221;#FFFFFF&#8221; custom_button=&#8221;on&#8221; button_text_color=&#8221;#FFFFFF&#8221; button_border_color=&#8221;#FFFFFF&#8221; global_colors_info=&#8221;{}&#8221;][et_pb_contact_field field_id=&#8221;Name&#8221; field_title=&#8221;Nume, Prenume&#8221; _builder_version=&#8221;4.27.4&#8243; global_colors_info=&#8221;{}&#8221; button_text_size__hover_enabled=&#8221;off&#8221; button_one_text_size__hover_enabled=&#8221;off&#8221; button_two_text_size__hover_enabled=&#8221;off&#8221; button_text_color__hover_enabled=&#8221;off&#8221; button_one_text_color__hover_enabled=&#8221;off&#8221; button_two_text_color__hover_enabled=&#8221;off&#8221; button_border_width__hover_enabled=&#8221;off&#8221; button_one_border_width__hover_enabled=&#8221;off&#8221; button_two_border_width__hover_enabled=&#8221;off&#8221; button_border_color__hover_enabled=&#8221;off&#8221; button_one_border_color__hover_enabled=&#8221;off&#8221; button_two_border_color__hover_enabled=&#8221;off&#8221; button_border_radius__hover_enabled=&#8221;off&#8221; button_one_border_radius__hover_enabled=&#8221;off&#8221; button_two_border_radius__hover_enabled=&#8221;off&#8221; button_letter_spacing__hover_enabled=&#8221;off&#8221; button_one_letter_spacing__hover_enabled=&#8221;off&#8221; button_two_letter_spacing__hover_enabled=&#8221;off&#8221; button_bg_color__hover_enabled=&#8221;off&#8221; button_one_bg_color__hover_enabled=&#8221;off&#8221; button_two_bg_color__hover_enabled=&#8221;off&#8221;][\/et_pb_contact_field][et_pb_contact_field field_id=&#8221;Email&#8221; field_title=&#8221;Adres\u0103 Email&#8221; field_type=&#8221;email&#8221; _builder_version=&#8221;4.27.4&#8243; global_colors_info=&#8221;{}&#8221; button_text_size__hover_enabled=&#8221;off&#8221; button_one_text_size__hover_enabled=&#8221;off&#8221; button_two_text_size__hover_enabled=&#8221;off&#8221; button_text_color__hover_enabled=&#8221;off&#8221; button_one_text_color__hover_enabled=&#8221;off&#8221; button_two_text_color__hover_enabled=&#8221;off&#8221; button_border_width__hover_enabled=&#8221;off&#8221; button_one_border_width__hover_enabled=&#8221;off&#8221; button_two_border_width__hover_enabled=&#8221;off&#8221; button_border_color__hover_enabled=&#8221;off&#8221; button_one_border_color__hover_enabled=&#8221;off&#8221; button_two_border_color__hover_enabled=&#8221;off&#8221; button_border_radius__hover_enabled=&#8221;off&#8221; button_one_border_radius__hover_enabled=&#8221;off&#8221; button_two_border_radius__hover_enabled=&#8221;off&#8221; button_letter_spacing__hover_enabled=&#8221;off&#8221; button_one_letter_spacing__hover_enabled=&#8221;off&#8221; button_two_letter_spacing__hover_enabled=&#8221;off&#8221; button_bg_color__hover_enabled=&#8221;off&#8221; button_one_bg_color__hover_enabled=&#8221;off&#8221; button_two_bg_color__hover_enabled=&#8221;off&#8221;][\/et_pb_contact_field][et_pb_contact_field field_id=&#8221;telefon&#8221; field_title=&#8221;Telefon&#8221; fullwidth_field=&#8221;on&#8221; _builder_version=&#8221;4.27.4&#8243; _module_preset=&#8221;default&#8221; global_colors_info=&#8221;{}&#8221;][\/et_pb_contact_field][et_pb_contact_field field_id=&#8221;Message&#8221; field_title=&#8221;Mesaj&#8221; field_type=&#8221;text&#8221; fullwidth_field=&#8221;on&#8221; _builder_version=&#8221;4.27.4&#8243; global_colors_info=&#8221;{}&#8221; button_text_size__hover_enabled=&#8221;off&#8221; button_one_text_size__hover_enabled=&#8221;off&#8221; button_two_text_size__hover_enabled=&#8221;off&#8221; button_text_color__hover_enabled=&#8221;off&#8221; button_one_text_color__hover_enabled=&#8221;off&#8221; button_two_text_color__hover_enabled=&#8221;off&#8221; button_border_width__hover_enabled=&#8221;off&#8221; button_one_border_width__hover_enabled=&#8221;off&#8221; button_two_border_width__hover_enabled=&#8221;off&#8221; button_border_color__hover_enabled=&#8221;off&#8221; button_one_border_color__hover_enabled=&#8221;off&#8221; button_two_border_color__hover_enabled=&#8221;off&#8221; button_border_radius__hover_enabled=&#8221;off&#8221; button_one_border_radius__hover_enabled=&#8221;off&#8221; button_two_border_radius__hover_enabled=&#8221;off&#8221; button_letter_spacing__hover_enabled=&#8221;off&#8221; button_one_letter_spacing__hover_enabled=&#8221;off&#8221; button_two_letter_spacing__hover_enabled=&#8221;off&#8221; button_bg_color__hover_enabled=&#8221;off&#8221; button_one_bg_color__hover_enabled=&#8221;off&#8221; button_two_bg_color__hover_enabled=&#8221;off&#8221;][\/et_pb_contact_field][\/et_pb_contact_form][\/et_pb_column][et_pb_column type=&#8221;1_2&#8243; _builder_version=&#8221;4.20.4&#8243; custom_padding=&#8221;|||&#8221; custom_padding_tablet=&#8221;0px||20px||false|false&#8221; custom_padding_phone=&#8221;|10px||10px|false|true&#8221; custom_padding_last_edited=&#8221;on|tablet&#8221; background_color_tablet=&#8221;#FFFFFF&#8221; background_last_edited=&#8221;on|tablet&#8221; background_enable_color_tablet=&#8221;on&#8221; global_colors_info=&#8221;{}&#8221; custom_padding__hover=&#8221;|||&#8221;][et_pb_image src=&#8221;@ET-DC@eyJkeW5hbWljIjp0cnVlLCJjb250ZW50Ijoic2l0ZV9sb2dvIiwic2V0dGluZ3MiOnt9fQ==@&#8221; url=&#8221;@ET-DC@eyJkeW5hbWljIjp0cnVlLCJjb250ZW50IjoiaG9tZV91cmwiLCJzZXR0aW5ncyI6e319@&#8221; _builder_version=&#8221;4.20.4&#8243; _dynamic_attributes=&#8221;src,url&#8221; _module_preset=&#8221;default&#8221; width_tablet=&#8221;65%&#8221; width_phone=&#8221;&#8221; width_last_edited=&#8221;on|tablet&#8221; module_alignment_tablet=&#8221;center&#8221; module_alignment_phone=&#8221;&#8221; module_alignment_last_edited=&#8221;on|tablet&#8221; global_colors_info=&#8221;{}&#8221;][\/et_pb_image][et_pb_text _builder_version=&#8221;4.16&#8243; text_font=&#8221;|700|||||||&#8221; text_font_size=&#8221;23px&#8221; header_font=&#8221;||||||||&#8221; text_orientation=&#8221;center&#8221; global_colors_info=&#8221;{}&#8221;]Contacteaza-ne echipa de vanzari[\/et_pb_text][et_pb_text _builder_version=&#8221;4.20.4&#8243; text_font=&#8221;||||||||&#8221; text_font_size=&#8221;18px&#8221; text_orientation=&#8221;center&#8221; custom_margin_tablet=&#8221;&#8221; custom_margin_phone=&#8221;0px||0px||false|false&#8221; custom_margin_last_edited=&#8221;on|phone&#8221; custom_padding_tablet=&#8221;&#8221; custom_padding_phone=&#8221;0px||0px||false|false&#8221; custom_padding_last_edited=&#8221;on|phone&#8221; global_colors_info=&#8221;{}&#8221;]<\/p>\n<p>Email: <a href=\"mailto:office@wireandcable.ro\">office@wireandcable.ro<\/a><\/p>\n<p>[\/et_pb_text][et_pb_text _builder_version=&#8221;4.16&#8243; text_font=&#8221;||||||||&#8221; text_font_size=&#8221;18px&#8221; text_orientation=&#8221;center&#8221; global_colors_info=&#8221;{}&#8221;]Telefon:<a href=\"tel:+40756542955\">+40 756 542 955 <\/a>[\/et_pb_text][\/et_pb_column][\/et_pb_row][\/et_pb_section]<\/p>","protected":false},"excerpt":{"rendered":"<p>CUPTOARE ELECTRICE INDUSTRIALE CU BANDA\u00a0Cuptoarele electrice cu band\u0103 Pyroma\u00eetre sunt concepute pentru procese de tratament termic continuu, oferind o \u00eenc\u0103lzire uniform\u0103, control precis al temperaturii \u0219i stabilitate ridicat\u0103 \u00een exploatare. Aceste echipamente sunt destinate produc\u021biei industriale unde sunt necesare timpi de ciclu constan\u021bi, fiabilitate \u0219i adaptare facil\u0103 la diferite fluxuri tehnologice. Cuptoarele fac parte din [&hellip;]<\/p>","protected":false},"author":2,"featured_media":29512,"parent":0,"menu_order":0,"comment_status":"closed","ping_status":"closed","template":"","meta":{"_acf_changed":false,"_et_pb_use_builder":"on","_et_pb_old_content":"","_et_gb_content_width":"","footnotes":""},"class_list":["post-29499","page","type-page","status-publish","has-post-thumbnail","hentry"],"acf":[],"_links":{"self":[{"href":"https:\/\/sarmesicabluri.ro\/en\/wp-json\/wp\/v2\/pages\/29499","targetHints":{"allow":["GET"]}}],"collection":[{"href":"https:\/\/sarmesicabluri.ro\/en\/wp-json\/wp\/v2\/pages"}],"about":[{"href":"https:\/\/sarmesicabluri.ro\/en\/wp-json\/wp\/v2\/types\/page"}],"author":[{"embeddable":true,"href":"https:\/\/sarmesicabluri.ro\/en\/wp-json\/wp\/v2\/users\/2"}],"replies":[{"embeddable":true,"href":"https:\/\/sarmesicabluri.ro\/en\/wp-json\/wp\/v2\/comments?post=29499"}],"version-history":[{"count":14,"href":"https:\/\/sarmesicabluri.ro\/en\/wp-json\/wp\/v2\/pages\/29499\/revisions"}],"predecessor-version":[{"id":29959,"href":"https:\/\/sarmesicabluri.ro\/en\/wp-json\/wp\/v2\/pages\/29499\/revisions\/29959"}],"wp:featuredmedia":[{"embeddable":true,"href":"https:\/\/sarmesicabluri.ro\/en\/wp-json\/wp\/v2\/media\/29512"}],"wp:attachment":[{"href":"https:\/\/sarmesicabluri.ro\/en\/wp-json\/wp\/v2\/media?parent=29499"}],"curies":[{"name":"wp","href":"https:\/\/api.w.org\/{rel}","templated":true}]}}