{"id":27439,"date":"2023-10-13T09:13:56","date_gmt":"2023-10-13T09:13:56","guid":{"rendered":"https:\/\/sarmesicabluri.ro\/?page_id=27439"},"modified":"2025-06-23T13:02:15","modified_gmt":"2025-06-23T13:02:15","slug":"linii-de-fabricare-panouri-xpet","status":"publish","type":"page","link":"https:\/\/sarmesicabluri.ro\/en\/linii-de-fabricare-panouri-xpet\/","title":{"rendered":"XPET PANELS MANUFACTURING LINES"},"content":{"rendered":"<p>[et_pb_section fb_built=&#8221;1&#8243; _builder_version=&#8221;4.16&#8243; da_disable_devices=&#8221;off|off|off&#8221; global_colors_info=&#8221;{}&#8221; da_is_popup=&#8221;off&#8221; da_exit_intent=&#8221;off&#8221; da_has_close=&#8221;on&#8221; da_alt_close=&#8221;off&#8221; da_dark_close=&#8221;off&#8221; da_not_modal=&#8221;on&#8221; da_is_singular=&#8221;off&#8221; da_with_loader=&#8221;off&#8221; da_has_shadow=&#8221;on&#8221;][et_pb_row _builder_version=&#8221;4.16&#8243; background_size=&#8221;initial&#8221; background_position=&#8221;top_left&#8221; background_repeat=&#8221;repeat&#8221; global_colors_info=&#8221;{}&#8221;][et_pb_column type=&#8221;4_4&#8243; _builder_version=&#8221;4.16&#8243; custom_padding=&#8221;|||&#8221; global_colors_info=&#8221;{}&#8221; custom_padding__hover=&#8221;|||&#8221;][et_pb_text _builder_version=&#8221;4.20.4&#8243; background_size=&#8221;initial&#8221; background_position=&#8221;top_left&#8221; background_repeat=&#8221;repeat&#8221; global_colors_info=&#8221;{}&#8221;]<\/p>\n<h1>XPET PANELS MANUFACTURING LINES<\/h1>\n<p>[\/et_pb_text][et_pb_text _builder_version=&#8221;4.20.4&#8243; background_size=&#8221;initial&#8221; background_position=&#8221;top_left&#8221; background_repeat=&#8221;repeat&#8221; global_colors_info=&#8221;{}&#8221;]<\/p>\n<p>PET foam panels are ideal for a wide range of applications as a base material. They are light, stable and flexible, with excellent mechanical properties and a high processing temperature. The innovative UNION extruders can reach hourly productions of up to 800 kg\/h, with a density between 70 and 150 kg\/m3, a thickness from 50 to 70 mm and a useful width from 600 to 1000 mm.<\/p>\n<p><strong>Applications<\/strong><\/p>\n<p>[\/et_pb_text][\/et_pb_column][\/et_pb_row][et_pb_row _builder_version=&#8221;4.20.4&#8243; _module_preset=&#8221;default&#8221; global_colors_info=&#8221;{}&#8221;][et_pb_column type=&#8221;4_4&#8243; _builder_version=&#8221;4.20.4&#8243; _module_preset=&#8221;default&#8221; global_colors_info=&#8221;{}&#8221;][et_pb_image src=&#8221;https:\/\/sarmesicabluri.ro\/wp-content\/uploads\/2023\/10\/eoliene.png&#8221; title_text=&#8221;eoliene&#8221; align=&#8221;center&#8221; _builder_version=&#8221;4.20.4&#8243; _module_preset=&#8221;default&#8221; global_colors_info=&#8221;{}&#8221;][\/et_pb_image][\/et_pb_column][\/et_pb_row][\/et_pb_section]<\/p>","protected":false},"excerpt":{"rendered":"<p>LINII DE FABRICARE PANOURI XPETPanourile din spum\u0103 PET sunt ideale pentru o gam\u0103 larg\u0103 de aplica\u021bii ca material de baza . Sunt u\u0219oare, stabile \u0219i flexibile, cu proprietati mecanice excelente \u0219i o temperatur\u0103 ridicat\u0103 de procesare. Extruderele inovatoare UNION pot ajunge la productii orare de pana la 800 kg\/h, cu o densitate intre 70 p\u00e2n\u0103 [&hellip;]<\/p>","protected":false},"author":2,"featured_media":27426,"parent":0,"menu_order":0,"comment_status":"closed","ping_status":"closed","template":"","meta":{"_acf_changed":false,"_et_pb_use_builder":"on","_et_pb_old_content":"","_et_gb_content_width":"","footnotes":""},"class_list":["post-27439","page","type-page","status-publish","has-post-thumbnail","hentry"],"acf":[],"_links":{"self":[{"href":"https:\/\/sarmesicabluri.ro\/en\/wp-json\/wp\/v2\/pages\/27439","targetHints":{"allow":["GET"]}}],"collection":[{"href":"https:\/\/sarmesicabluri.ro\/en\/wp-json\/wp\/v2\/pages"}],"about":[{"href":"https:\/\/sarmesicabluri.ro\/en\/wp-json\/wp\/v2\/types\/page"}],"author":[{"embeddable":true,"href":"https:\/\/sarmesicabluri.ro\/en\/wp-json\/wp\/v2\/users\/2"}],"replies":[{"embeddable":true,"href":"https:\/\/sarmesicabluri.ro\/en\/wp-json\/wp\/v2\/comments?post=27439"}],"version-history":[{"count":3,"href":"https:\/\/sarmesicabluri.ro\/en\/wp-json\/wp\/v2\/pages\/27439\/revisions"}],"predecessor-version":[{"id":27698,"href":"https:\/\/sarmesicabluri.ro\/en\/wp-json\/wp\/v2\/pages\/27439\/revisions\/27698"}],"wp:featuredmedia":[{"embeddable":true,"href":"https:\/\/sarmesicabluri.ro\/en\/wp-json\/wp\/v2\/media\/27426"}],"wp:attachment":[{"href":"https:\/\/sarmesicabluri.ro\/en\/wp-json\/wp\/v2\/media?parent=27439"}],"curies":[{"name":"wp","href":"https:\/\/api.w.org\/{rel}","templated":true}]}}