{"id":27423,"date":"2023-10-13T09:05:54","date_gmt":"2023-10-13T09:05:54","guid":{"rendered":"https:\/\/sarmesicabluri.ro\/?page_id=27423"},"modified":"2025-06-23T12:46:11","modified_gmt":"2025-06-23T12:46:11","slug":"linii-de-fabricare-foi-xpet","status":"publish","type":"page","link":"https:\/\/sarmesicabluri.ro\/en\/linii-de-fabricare-foi-xpet\/","title":{"rendered":"XPET SHEET MANUFACTURING LINES"},"content":{"rendered":"<p>[et_pb_section fb_built=&#8221;1&#8243; _builder_version=&#8221;4.16&#8243; da_disable_devices=&#8221;off|off|off&#8221; global_colors_info=&#8221;{}&#8221; da_is_popup=&#8221;off&#8221; da_exit_intent=&#8221;off&#8221; da_has_close=&#8221;on&#8221; da_alt_close=&#8221;off&#8221; da_dark_close=&#8221;off&#8221; da_not_modal=&#8221;on&#8221; da_is_singular=&#8221;off&#8221; da_with_loader=&#8221;off&#8221; da_has_shadow=&#8221;on&#8221;][et_pb_row _builder_version=&#8221;4.16&#8243; background_size=&#8221;initial&#8221; background_position=&#8221;top_left&#8221; background_repeat=&#8221;repeat&#8221; global_colors_info=&#8221;{}&#8221;][et_pb_column type=&#8221;4_4&#8243; _builder_version=&#8221;4.16&#8243; custom_padding=&#8221;|||&#8221; global_colors_info=&#8221;{}&#8221; custom_padding__hover=&#8221;|||&#8221;][et_pb_text _builder_version=&#8221;4.20.4&#8243; background_size=&#8221;initial&#8221; background_position=&#8221;top_left&#8221; background_repeat=&#8221;repeat&#8221; global_colors_info=&#8221;{}&#8221;]<\/p>\n<h1>XPET SHEET MANUFACTURING LINES<\/h1>\n<p>[\/et_pb_text][et_pb_text _builder_version=&#8221;4.20.4&#8243; background_size=&#8221;initial&#8221; background_position=&#8221;top_left&#8221; background_repeat=&#8221;repeat&#8221; global_colors_info=&#8221;{}&#8221;]Disponibilitatea tot mai mare a materialului reciclat din fulgii de sticle post-consum ne-a determinat sa dezvoltam o linie inovatoare. Linia este capabila s\u0103 transforme fulgii PET post-consum intr-o folie de spuma PET de inalta calitate.<br \/>\nSpuma PET are propriet\u0103\u021bi excelente de barier\u0103:<\/p>\n<p>&#8211; &lt; 5 cc\/m\u00b2\/zi\/atm (f\u0103r\u0103 utilizarea EVOH)<\/p>\n<p>&#8211; rezisten\u021b\u0103 la temperaturi ridicate, p\u00e2n\u0103 la 190\u00b0C<\/p>\n<p>&#8211; complet reciclabil\u0103 deoarece este fabricat\u0103 din 100% r-PET, deci respect\u0103 mediul \u00eenconjur\u0103tor \u0219i reduce costurile de produc\u021bie.<\/p>\n<p>Procesul de extrudare a foii XPET include si faza de cristalizare si dezumidificare care permite cristalizarea si dezumidificarea materialului, pentru a nu pierde vascozitatea in timpul fazei de extrudare.Pentru produc\u021bii de p\u00e2n\u0103 la 250 kg\/h folosim un extruder cu dou\u0103 \u0219uruburi cu rota\u021bie lent\u0103.\u00a0 Iar pentru produc\u021bii mai mari, p\u00e2n\u0103 la 600 kg\/h, folosim sistemul Tandem.<br \/>\nMatri\u021ba circular\u0103 de extrudare pentru producerea de spum\u0103 PET cu densitate foarte mic\u0103 (\u2248 0,100-0,450 gr\/ccm) este echipat\u0103 cu reglaj extern al deschiderii buzelor. Calibratorul este compus dintr-un recipient de r\u0103cire pentru interiorul foii \u0219i un inel. cu ventilator pentru exteriorul foii.<\/p>\n<p><strong>Applications<\/strong><br \/>\n[\/et_pb_text][\/et_pb_column][\/et_pb_row][et_pb_row _builder_version=&#8221;4.20.4&#8243; _module_preset=&#8221;default&#8221; global_colors_info=&#8221;{}&#8221;][et_pb_column type=&#8221;4_4&#8243; _builder_version=&#8221;4.20.4&#8243; _module_preset=&#8221;default&#8221; global_colors_info=&#8221;{}&#8221;][et_pb_image src=&#8221;https:\/\/sarmesicabluri.ro\/wp-content\/uploads\/2023\/10\/xpet.png&#8221; title_text=&#8221;xpet&#8221; align=&#8221;center&#8221; _builder_version=&#8221;4.20.4&#8243; _module_preset=&#8221;default&#8221; global_colors_info=&#8221;{}&#8221;][\/et_pb_image][et_pb_video src=&#8221;https:\/\/www.youtube.com\/watch?v=cD14GFzhgzw&#038;t=130s&#8221; _builder_version=&#8221;4.20.4&#8243; _module_preset=&#8221;default&#8221; global_colors_info=&#8221;{}&#8221;][\/et_pb_video][\/et_pb_column][\/et_pb_row][\/et_pb_section][et_pb_section fb_built=&#8221;1&#8243; _builder_version=&#8221;4.20.4&#8243; _module_preset=&#8221;default&#8221; da_disable_devices=&#8221;off|off|off&#8221; global_colors_info=&#8221;{}&#8221; da_is_popup=&#8221;off&#8221; da_exit_intent=&#8221;off&#8221; da_has_close=&#8221;on&#8221; da_alt_close=&#8221;off&#8221; da_dark_close=&#8221;off&#8221; da_not_modal=&#8221;on&#8221; da_is_singular=&#8221;off&#8221; da_with_loader=&#8221;off&#8221; da_has_shadow=&#8221;on&#8221;][et_pb_row column_structure=&#8221;1_2,1_2&#8243; _builder_version=&#8221;4.20.4&#8243; _module_preset=&#8221;default&#8221; global_colors_info=&#8221;{}&#8221;][et_pb_column type=&#8221;1_2&#8243; _builder_version=&#8221;4.20.4&#8243; _module_preset=&#8221;default&#8221; global_colors_info=&#8221;{}&#8221;][et_pb_button button_url=&#8221;https:\/\/www.unionextrusion.it\/en\/foam\/foam-xpet-sheet&#8221; button_text=&#8221;Link Furnizor&#8221; _builder_version=&#8221;4.20.4&#8243; _module_preset=&#8221;default&#8221; global_colors_info=&#8221;{}&#8221;][\/et_pb_button][\/et_pb_column][et_pb_column type=&#8221;1_2&#8243; _builder_version=&#8221;4.20.4&#8243; _module_preset=&#8221;default&#8221; global_colors_info=&#8221;{}&#8221;][\/et_pb_column][\/et_pb_row][\/et_pb_section]<\/p>","protected":false},"excerpt":{"rendered":"<p>LINII DE FABRICARE FOI XPET Disponibilitatea tot mai mare a materialului reciclat din fulgii de sticle post-consum ne-a determinat sa dezvoltam o linie inovatoare. Linia este capabila s\u0103 transforme fulgii PET post-consum intr-o folie de spuma PET de inalta calitate. Spuma PET are propriet\u0103\u021bi excelente de barier\u0103: &#8211; &lt; 5 cc\/m\u00b2\/zi\/atm (f\u0103r\u0103 utilizarea EVOH) &#8211; [&hellip;]<\/p>","protected":false},"author":2,"featured_media":27426,"parent":0,"menu_order":0,"comment_status":"closed","ping_status":"closed","template":"","meta":{"_acf_changed":false,"_et_pb_use_builder":"on","_et_pb_old_content":"","_et_gb_content_width":"","footnotes":""},"class_list":["post-27423","page","type-page","status-publish","has-post-thumbnail","hentry"],"acf":[],"_links":{"self":[{"href":"https:\/\/sarmesicabluri.ro\/en\/wp-json\/wp\/v2\/pages\/27423","targetHints":{"allow":["GET"]}}],"collection":[{"href":"https:\/\/sarmesicabluri.ro\/en\/wp-json\/wp\/v2\/pages"}],"about":[{"href":"https:\/\/sarmesicabluri.ro\/en\/wp-json\/wp\/v2\/types\/page"}],"author":[{"embeddable":true,"href":"https:\/\/sarmesicabluri.ro\/en\/wp-json\/wp\/v2\/users\/2"}],"replies":[{"embeddable":true,"href":"https:\/\/sarmesicabluri.ro\/en\/wp-json\/wp\/v2\/comments?post=27423"}],"version-history":[{"count":6,"href":"https:\/\/sarmesicabluri.ro\/en\/wp-json\/wp\/v2\/pages\/27423\/revisions"}],"predecessor-version":[{"id":29138,"href":"https:\/\/sarmesicabluri.ro\/en\/wp-json\/wp\/v2\/pages\/27423\/revisions\/29138"}],"wp:featuredmedia":[{"embeddable":true,"href":"https:\/\/sarmesicabluri.ro\/en\/wp-json\/wp\/v2\/media\/27426"}],"wp:attachment":[{"href":"https:\/\/sarmesicabluri.ro\/en\/wp-json\/wp\/v2\/media?parent=27423"}],"curies":[{"name":"wp","href":"https:\/\/api.w.org\/{rel}","templated":true}]}}