{"id":26635,"date":"2023-07-24T12:04:35","date_gmt":"2023-07-24T12:04:35","guid":{"rendered":"https:\/\/sarmesicabluri.ro\/?page_id=26635"},"modified":"2025-06-24T14:33:41","modified_gmt":"2025-06-24T14:33:41","slug":"masini-de-sudura-pentru-sarma-fina","status":"publish","type":"page","link":"https:\/\/sarmesicabluri.ro\/en\/masini-de-sudura-pentru-sarma-fina\/","title":{"rendered":"MA\u0218INI DE SUDUR\u0102 PENTRU S\u00c2RM\u0102 FIN\u0102"},"content":{"rendered":"<p>[et_pb_section fb_built=&#8221;1&#8243; _builder_version=&#8221;4.20.4&#8243; _module_preset=&#8221;default&#8221; da_disable_devices=&#8221;off|off|off&#8221; global_colors_info=&#8221;{}&#8221; da_is_popup=&#8221;off&#8221; da_exit_intent=&#8221;off&#8221; da_has_close=&#8221;on&#8221; da_alt_close=&#8221;off&#8221; da_dark_close=&#8221;off&#8221; da_not_modal=&#8221;on&#8221; da_is_singular=&#8221;off&#8221; da_with_loader=&#8221;off&#8221; da_has_shadow=&#8221;on&#8221;][et_pb_row _builder_version=&#8221;4.20.4&#8243; _module_preset=&#8221;default&#8221; global_colors_info=&#8221;{}&#8221;][et_pb_column type=&#8221;4_4&#8243; _builder_version=&#8221;4.20.4&#8243; _module_preset=&#8221;default&#8221; global_colors_info=&#8221;{}&#8221;][et_pb_text _builder_version=&#8221;4.20.4&#8243; _module_preset=&#8221;default&#8221; header_text_align=&#8221;center&#8221; global_colors_info=&#8221;{}&#8221;]<\/p>\n<h1 style=\"text-align: center;\"><span style=\"color: #0a4e9a;\">MA\u0218INI DE SUDUR\u0102 PENTRU S\u00c2RM\u0102 FIN\u0102<\/span><\/h1>\n<p>[\/et_pb_text][\/et_pb_column][\/et_pb_row][\/et_pb_section][et_pb_section fb_built=&#8221;1&#8243; _builder_version=&#8221;4.20.4&#8243; _module_preset=&#8221;default&#8221; da_disable_devices=&#8221;off|off|off&#8221; global_colors_info=&#8221;{}&#8221; da_is_popup=&#8221;off&#8221; da_exit_intent=&#8221;off&#8221; da_has_close=&#8221;on&#8221; da_alt_close=&#8221;off&#8221; da_dark_close=&#8221;off&#8221; da_not_modal=&#8221;on&#8221; da_is_singular=&#8221;off&#8221; da_with_loader=&#8221;off&#8221; da_has_shadow=&#8221;on&#8221;][et_pb_row column_structure=&#8221;1_2,1_2&#8243; _builder_version=&#8221;4.20.4&#8243; _module_preset=&#8221;default&#8221; global_colors_info=&#8221;{}&#8221;][et_pb_column type=&#8221;1_2&#8243; _builder_version=&#8221;4.20.4&#8243; _module_preset=&#8221;default&#8221; global_colors_info=&#8221;{}&#8221;][et_pb_image src=&#8221;https:\/\/sarmesicabluri.ro\/wp-content\/uploads\/2023\/07\/MASINI-DE-SUDURA-PENTRU-SARMA-FINA.png&#8221; title_text=&#8221;MA\u0218INI DE SUDUR\u0102 PENTRU S\u00c2RM\u0102 FIN\u0102&#8221; align=&#8221;center&#8221; _builder_version=&#8221;4.20.4&#8243; _module_preset=&#8221;default&#8221; global_colors_info=&#8221;{}&#8221;][\/et_pb_image][\/et_pb_column][et_pb_column type=&#8221;1_2&#8243; _builder_version=&#8221;4.20.4&#8243; _module_preset=&#8221;default&#8221; global_colors_info=&#8221;{}&#8221;][et_pb_text _builder_version=&#8221;4.20.4&#8243; _module_preset=&#8221;default&#8221; global_colors_info=&#8221;{}&#8221;]<\/p>\n<p>Ob\u021bine\u021bi rezultate superioare \u00een sudura s\u00e2rmei de diametre foarte mici cu aparatele de sudur\u0103 Micro Weld.<\/p>\n<p>Concepute pentru sudarea o\u021belului, aceste aparate \u00eentrunesc standardele pentru calitate \u0219i performan\u021b\u0103. Aparatele de sudur\u0103 Micro Weld produc suduri de o calitate excelent\u0103 \u00een mod constant.<\/p>\n<p>Fie c\u0103 sunte\u021bi \u00een c\u0103utarea unei ma\u0219ini de sudur\u0103 care s\u0103 func\u021bioneze cu o \u00eenalt\u0103 fiabilitate, s\u0103 fie rezistent\u0103 sau s\u0103 produc\u0103 cele mai bune rezultate in materie de sudur\u0103, ma\u0219inile de sudare Micro Weld v\u0103 acoper\u0103 toate aceste nevoi<\/p>\n<ul>\n<li>120V, 60 Hz, monofazat;<\/li>\n<li>Selector de selec\u021bie a c\u0103ldurii cu 10 puncte;<\/li>\n<li>Mecanism de fixare \u00eenc\u0103rcat cu arc;<\/li>\n<li>Degete de prindere cu arc;<\/li>\n<li>Lamp\u0103 montat\u0103 \u0219i foarfec\u0103 de dreptunghi;<\/li>\n<li>Montare pe banc\u0103;<\/li>\n<\/ul>\n<p>[\/et_pb_text][et_pb_button button_url=&#8221;https:\/\/www.micro-weld.com\/butt-welders\/e1s\/&#8221; url_new_window=&#8221;on&#8221; button_text=&#8221;Link Furnizor&#8221; _builder_version=&#8221;4.20.4&#8243; _module_preset=&#8221;default&#8221; global_colors_info=&#8221;{}&#8221;][\/et_pb_button][\/et_pb_column][\/et_pb_row][\/et_pb_section][et_pb_section fb_built=&#8221;1&#8243; custom_padding_last_edited=&#8221;on|tablet&#8221; _builder_version=&#8221;4.20.4&#8243; _module_preset=&#8221;default&#8221; use_background_color_gradient=&#8221;on&#8221; background_color_gradient_direction=&#8221;90deg&#8221; background_color_gradient_stops=&#8221;gcid-21a38e2e-aa1a-425d-9e2d-89357671a567 43%|#ffffff 43%&#8221; custom_margin_tablet=&#8221;0px||0px||true|false&#8221; custom_margin_phone=&#8221;&#8221; custom_margin_last_edited=&#8221;on|tablet&#8221; custom_padding_tablet=&#8221;0px||0px||false|false&#8221; custom_padding_phone=&#8221;&#8221; background_last_edited=&#8221;on|tablet&#8221; use_background_color_gradient_tablet=&#8221;off&#8221; da_disable_devices=&#8221;off|off|off&#8221; global_module=&#8221;3923&#8243; saved_tabs=&#8221;all&#8221; global_colors_info=&#8221;{%22gcid-21a38e2e-aa1a-425d-9e2d-89357671a567%22:%91%22background_color_gradient_stops%22%93}&#8221; da_is_popup=&#8221;off&#8221; da_exit_intent=&#8221;off&#8221; da_has_close=&#8221;on&#8221; da_alt_close=&#8221;off&#8221; da_dark_close=&#8221;off&#8221; da_not_modal=&#8221;on&#8221; da_is_singular=&#8221;off&#8221; da_with_loader=&#8221;off&#8221; da_has_shadow=&#8221;on&#8221;][et_pb_row column_structure=&#8221;1_2,1_2&#8243; custom_padding_last_edited=&#8221;on|tablet&#8221; _builder_version=&#8221;4.20.4&#8243; background_enable_color=&#8221;off&#8221; width_tablet=&#8221;100%&#8221; width_phone=&#8221;&#8221; width_last_edited=&#8221;on|tablet&#8221; module_alignment=&#8221;center&#8221; custom_padding_tablet=&#8221;20px|0px|20px|0px|false|true&#8221; custom_padding_phone=&#8221;&#8221; background_color_tablet=&#8221;gcid-80d6d694-04f4-444b-932e-01bc4f36907f&#8221; background_last_edited=&#8221;on|tablet&#8221; background_enable_color_tablet=&#8221;on&#8221; global_colors_info=&#8221;{%22gcid-80d6d694-04f4-444b-932e-01bc4f36907f%22:%91%22background_color%22%93}&#8221;][et_pb_column type=&#8221;1_2&#8243; _builder_version=&#8221;4.20.4&#8243; custom_padding=&#8221;||||false|true&#8221; custom_padding_tablet=&#8221;|10%||10%|false|true&#8221; custom_padding_phone=&#8221;&#8221; custom_padding_last_edited=&#8221;on|tablet&#8221; global_colors_info=&#8221;{}&#8221; custom_padding__hover=&#8221;|||&#8221;][\/et_pb_column][et_pb_column type=&#8221;1_2&#8243; _builder_version=&#8221;4.20.4&#8243; custom_padding=&#8221;|||&#8221; custom_padding_tablet=&#8221;0px||20px||false|false&#8221; custom_padding_phone=&#8221;|10px||10px|false|true&#8221; custom_padding_last_edited=&#8221;on|tablet&#8221; background_color_tablet=&#8221;#FFFFFF&#8221; background_last_edited=&#8221;on|tablet&#8221; background_enable_color_tablet=&#8221;on&#8221; global_colors_info=&#8221;{}&#8221; custom_padding__hover=&#8221;|||&#8221;][et_pb_image src=&#8221;@ET-DC@eyJkeW5hbWljIjp0cnVlLCJjb250ZW50Ijoic2l0ZV9sb2dvIiwic2V0dGluZ3MiOnt9fQ==@&#8221; url=&#8221;@ET-DC@eyJkeW5hbWljIjp0cnVlLCJjb250ZW50IjoiaG9tZV91cmwiLCJzZXR0aW5ncyI6e319@&#8221; _builder_version=&#8221;4.20.4&#8243; _dynamic_attributes=&#8221;src,url&#8221; _module_preset=&#8221;default&#8221; width_tablet=&#8221;65%&#8221; width_phone=&#8221;&#8221; width_last_edited=&#8221;on|tablet&#8221; module_alignment_tablet=&#8221;center&#8221; module_alignment_phone=&#8221;&#8221; module_alignment_last_edited=&#8221;on|tablet&#8221; global_colors_info=&#8221;{}&#8221;][\/et_pb_image][et_pb_text _builder_version=&#8221;4.16&#8243; text_font=&#8221;|700|||||||&#8221; text_font_size=&#8221;23px&#8221; header_font=&#8221;||||||||&#8221; text_orientation=&#8221;center&#8221; global_colors_info=&#8221;{}&#8221;]Contacteaza-ne echipa de vanzari[\/et_pb_text][et_pb_text _builder_version=&#8221;4.20.4&#8243; text_font=&#8221;||||||||&#8221; text_font_size=&#8221;18px&#8221; text_orientation=&#8221;center&#8221; custom_margin_tablet=&#8221;&#8221; custom_margin_phone=&#8221;0px||0px||false|false&#8221; custom_margin_last_edited=&#8221;on|phone&#8221; custom_padding_tablet=&#8221;&#8221; custom_padding_phone=&#8221;0px||0px||false|false&#8221; custom_padding_last_edited=&#8221;on|phone&#8221; global_colors_info=&#8221;{}&#8221;]<\/p>\n<p>Email: <a href=\"mailto:office@wireandcable.ro\">office@wireandcable.ro<\/a><\/p>\n<p>[\/et_pb_text][et_pb_text _builder_version=&#8221;4.16&#8243; text_font=&#8221;||||||||&#8221; text_font_size=&#8221;18px&#8221; text_orientation=&#8221;center&#8221; global_colors_info=&#8221;{}&#8221;]Telefon:<a href=\"tel:+40756542955\">+40 756 542 955 <\/a>[\/et_pb_text][\/et_pb_column][\/et_pb_row][\/et_pb_section]<\/p>","protected":false},"excerpt":{"rendered":"<p>MA\u0218INI DE SUDUR\u0102 PENTRU S\u00c2RM\u0102 FIN\u0102Ob\u021bine\u021bi rezultate superioare \u00een sudura s\u00e2rmei de diametre foarte mici cu aparatele de sudur\u0103 Micro Weld. Concepute pentru sudarea o\u021belului, aceste aparate \u00eentrunesc standardele pentru calitate \u0219i performan\u021b\u0103. Aparatele de sudur\u0103 Micro Weld produc suduri de o calitate excelent\u0103 \u00een mod constant. Fie c\u0103 sunte\u021bi \u00een c\u0103utarea unei ma\u0219ini de [&hellip;]<\/p>","protected":false},"author":2,"featured_media":26638,"parent":0,"menu_order":0,"comment_status":"closed","ping_status":"closed","template":"","meta":{"_acf_changed":false,"_et_pb_use_builder":"on","_et_pb_old_content":"","_et_gb_content_width":"","footnotes":""},"class_list":["post-26635","page","type-page","status-publish","has-post-thumbnail","hentry"],"acf":[],"_links":{"self":[{"href":"https:\/\/sarmesicabluri.ro\/en\/wp-json\/wp\/v2\/pages\/26635","targetHints":{"allow":["GET"]}}],"collection":[{"href":"https:\/\/sarmesicabluri.ro\/en\/wp-json\/wp\/v2\/pages"}],"about":[{"href":"https:\/\/sarmesicabluri.ro\/en\/wp-json\/wp\/v2\/types\/page"}],"author":[{"embeddable":true,"href":"https:\/\/sarmesicabluri.ro\/en\/wp-json\/wp\/v2\/users\/2"}],"replies":[{"embeddable":true,"href":"https:\/\/sarmesicabluri.ro\/en\/wp-json\/wp\/v2\/comments?post=26635"}],"version-history":[{"count":5,"href":"https:\/\/sarmesicabluri.ro\/en\/wp-json\/wp\/v2\/pages\/26635\/revisions"}],"predecessor-version":[{"id":29175,"href":"https:\/\/sarmesicabluri.ro\/en\/wp-json\/wp\/v2\/pages\/26635\/revisions\/29175"}],"wp:featuredmedia":[{"embeddable":true,"href":"https:\/\/sarmesicabluri.ro\/en\/wp-json\/wp\/v2\/media\/26638"}],"wp:attachment":[{"href":"https:\/\/sarmesicabluri.ro\/en\/wp-json\/wp\/v2\/media?parent=26635"}],"curies":[{"name":"wp","href":"https:\/\/api.w.org\/{rel}","templated":true}]}}