{"id":26611,"date":"2023-07-24T11:49:31","date_gmt":"2023-07-24T11:49:31","guid":{"rendered":"https:\/\/sarmesicabluri.ro\/?page_id=26611"},"modified":"2025-05-06T08:25:34","modified_gmt":"2025-05-06T08:25:34","slug":"aparate-de-sudura-sarma-fina","status":"publish","type":"page","link":"https:\/\/sarmesicabluri.ro\/en\/aparate-de-sudura-sarma-fina\/","title":{"rendered":"FINE WIRE WELDING DEVICES"},"content":{"rendered":"<p>[et_pb_section fb_built=&#8221;1&#8243; _builder_version=&#8221;4.20.4&#8243; _module_preset=&#8221;default&#8221; da_disable_devices=&#8221;off|off|off&#8221; global_colors_info=&#8221;{}&#8221; da_is_popup=&#8221;off&#8221; da_exit_intent=&#8221;off&#8221; da_has_close=&#8221;on&#8221; da_alt_close=&#8221;off&#8221; da_dark_close=&#8221;off&#8221; da_not_modal=&#8221;on&#8221; da_is_singular=&#8221;off&#8221; da_with_loader=&#8221;off&#8221; da_has_shadow=&#8221;on&#8221;][et_pb_row _builder_version=&#8221;4.20.4&#8243; _module_preset=&#8221;default&#8221; global_colors_info=&#8221;{}&#8221;][et_pb_column type=&#8221;4_4&#8243; _builder_version=&#8221;4.20.4&#8243; _module_preset=&#8221;default&#8221; global_colors_info=&#8221;{}&#8221;][et_pb_text _builder_version=&#8221;4.20.4&#8243; _module_preset=&#8221;default&#8221; header_text_align=&#8221;center&#8221; global_colors_info=&#8221;{}&#8221;]<\/p>\n<h1 style=\"text-align: center;\"><span style=\"color: #0a4e9a;\">FINE WIRE WELDING DEVICES<\/span><\/h1>\n<p>[\/et_pb_text][\/et_pb_column][\/et_pb_row][\/et_pb_section][et_pb_section fb_built=&#8221;1&#8243; _builder_version=&#8221;4.20.4&#8243; _module_preset=&#8221;default&#8221; da_disable_devices=&#8221;off|off|off&#8221; global_colors_info=&#8221;{}&#8221; da_is_popup=&#8221;off&#8221; da_exit_intent=&#8221;off&#8221; da_has_close=&#8221;on&#8221; da_alt_close=&#8221;off&#8221; da_dark_close=&#8221;off&#8221; da_not_modal=&#8221;on&#8221; da_is_singular=&#8221;off&#8221; da_with_loader=&#8221;off&#8221; da_has_shadow=&#8221;on&#8221;][et_pb_row column_structure=&#8221;1_2,1_2&#8243; _builder_version=&#8221;4.20.4&#8243; _module_preset=&#8221;default&#8221; global_colors_info=&#8221;{}&#8221;][et_pb_column type=&#8221;1_2&#8243; _builder_version=&#8221;4.20.4&#8243; _module_preset=&#8221;default&#8221; global_colors_info=&#8221;{}&#8221;][et_pb_image src=&#8221;https:\/\/sarmesicabluri.ro\/wp-content\/uploads\/2023\/07\/APARATE-DE-SUDURA-SARMA-FINA.png&#8221; title_text=&#8221;APARATE DE SUDUR\u0102 S\u00c2RM\u0102 FIN\u0102&#8221; align=&#8221;center&#8221; _builder_version=&#8221;4.20.4&#8243; _module_preset=&#8221;default&#8221; global_colors_info=&#8221;{}&#8221;][\/et_pb_image][\/et_pb_column][et_pb_column type=&#8221;1_2&#8243; _builder_version=&#8221;4.20.4&#8243; _module_preset=&#8221;default&#8221; global_colors_info=&#8221;{}&#8221;][et_pb_text _builder_version=&#8221;4.20.4&#8243; _module_preset=&#8221;default&#8221; global_colors_info=&#8221;{}&#8221;]<\/p>\n<p>Ob\u021bine\u021bi rezultate superioare la sudarea s\u00e2rmei sub\u021biri cu aparatele de sudr\u0103 Micro Weld . Concepute pentru sudarea cuprului \u0219i aluminiului, aceste ma\u0219ini sunt la un standard inalt pentru calitate \u0219i performan\u021b\u0103. Fie c\u0103 sunte\u021bi \u00een c\u0103utarea unei ma\u0219ini de sudur\u0103 care s\u0103 func\u021bioneze cu o \u00eenalt\u0103 fiabilitate, s\u0103 fie rezistent\u0103 sau s\u0103 produc\u0103 cele mai bune rezultate in materie de sudur\u0103, ma\u0219inile de sudare Micro Weld v\u0103 acoper\u0103 toate aceste nevoi. Experimenteaz\u0103 performan\u021be de neegalat cu aparatele de sudare Micro Weld pentru s\u00e2rm\u0103 sub\u021bire.<\/p>\n<p>&nbsp;<\/p>\n<ul>\n<li>110 vol\u021bi, 60 de cicluri, monofazat<\/li>\n<li>Comutator de selectare a c\u0103ldurii \u00een 10 puncte<\/li>\n<li>Degete de prindere cu arc<\/li>\n<li>Mecanism de r\u0103sturnare cu arc<\/li>\n<li>Lamp\u0103 montat\u0103 \u0219i foarfec\u0103 p\u0103trat\u0103<\/li>\n<\/ul>\n<p>[\/et_pb_text][et_pb_button button_url=&#8221;https:\/\/www.micro-weld.com\/ro\/butt-welders\/e1c\/%20&#8243; button_text=&#8221;Link Furnizor&#8221; _builder_version=&#8221;4.20.4&#8243; _module_preset=&#8221;default&#8221; global_colors_info=&#8221;{}&#8221;][\/et_pb_button][\/et_pb_column][\/et_pb_row][\/et_pb_section][et_pb_section fb_built=&#8221;1&#8243; custom_padding_last_edited=&#8221;on|tablet&#8221; _builder_version=&#8221;4.20.4&#8243; _module_preset=&#8221;default&#8221; use_background_color_gradient=&#8221;on&#8221; background_color_gradient_direction=&#8221;90deg&#8221; background_color_gradient_stops=&#8221;gcid-21a38e2e-aa1a-425d-9e2d-89357671a567 43%|#ffffff 43%&#8221; custom_margin_tablet=&#8221;0px||0px||true|false&#8221; custom_margin_phone=&#8221;&#8221; custom_margin_last_edited=&#8221;on|tablet&#8221; custom_padding_tablet=&#8221;0px||0px||false|false&#8221; custom_padding_phone=&#8221;&#8221; background_last_edited=&#8221;on|tablet&#8221; use_background_color_gradient_tablet=&#8221;off&#8221; da_disable_devices=&#8221;off|off|off&#8221; global_module=&#8221;3923&#8243; saved_tabs=&#8221;all&#8221; global_colors_info=&#8221;{%22gcid-21a38e2e-aa1a-425d-9e2d-89357671a567%22:%91%22background_color_gradient_stops%22%93}&#8221; da_is_popup=&#8221;off&#8221; da_exit_intent=&#8221;off&#8221; da_has_close=&#8221;on&#8221; da_alt_close=&#8221;off&#8221; da_dark_close=&#8221;off&#8221; da_not_modal=&#8221;on&#8221; da_is_singular=&#8221;off&#8221; da_with_loader=&#8221;off&#8221; da_has_shadow=&#8221;on&#8221;][et_pb_row column_structure=&#8221;1_2,1_2&#8243; custom_padding_last_edited=&#8221;on|tablet&#8221; _builder_version=&#8221;4.20.4&#8243; background_enable_color=&#8221;off&#8221; width_tablet=&#8221;100%&#8221; width_phone=&#8221;&#8221; width_last_edited=&#8221;on|tablet&#8221; module_alignment=&#8221;center&#8221; custom_padding_tablet=&#8221;20px|0px|20px|0px|false|true&#8221; custom_padding_phone=&#8221;&#8221; background_color_tablet=&#8221;gcid-80d6d694-04f4-444b-932e-01bc4f36907f&#8221; background_last_edited=&#8221;on|tablet&#8221; background_enable_color_tablet=&#8221;on&#8221; global_colors_info=&#8221;{%22gcid-80d6d694-04f4-444b-932e-01bc4f36907f%22:%91%22background_color%22%93}&#8221;][et_pb_column type=&#8221;1_2&#8243; _builder_version=&#8221;4.20.4&#8243; custom_padding=&#8221;||||false|true&#8221; custom_padding_tablet=&#8221;|10%||10%|false|true&#8221; custom_padding_phone=&#8221;&#8221; custom_padding_last_edited=&#8221;on|tablet&#8221; global_colors_info=&#8221;{}&#8221; custom_padding__hover=&#8221;|||&#8221;][de_fb_form title=&#8221;Formular Contact&#8221; form_id=&#8221;contact&#8221; submit_button_text=&#8221;Trimite&#8221; redirect_after_success=&#8221;on&#8221; redirect_url_after_submission=&#8221;https:\/\/sarmesicabluri.ro\/multumesc&#8221; use_custom_email=&#8221;off&#8221; custom_contact_email=&#8221;office@wireandcable.ro&#8221; replyto_name=&#8221;office@wireandcable.ro&#8221; replyto_email=&#8221;office@wireandcable.ro&#8221; email_cc=&#8221;office@wireandcable.ro&#8221; email_bcc=&#8221;office@wireandcable.ro&#8221; email_title=&#8221;office@wireandcable.ro&#8221; email_template=&#8221;Buna, <\/p>\n<p>Ai primit un email cu urmatoarele date:<\/p>\n<p>%%nume%%<br \/>\n%%email%%<br \/>\n%%telefon%%<br \/>\n%%mesaj%%&#8221; module_id=&#8221;et_pb_contact_form_0&#8243; _builder_version=&#8221;4.20.4&#8243; _module_preset=&#8221;default&#8221; _unique_id=&#8221;b313b520-6c64-411c-9702-f02852bc5a91&#8243; form_title_text_color=&#8221;#FFFFFF&#8221; label_text_text_color=&#8221;#FFFFFF&#8221; custom_button=&#8221;on&#8221; button_text_color=&#8221;gcid-21a38e2e-aa1a-425d-9e2d-89357671a567&#8243; button_bg_color=&#8221;#FFFFFF&#8221; button_border_color=&#8221;gcid-21a38e2e-aa1a-425d-9e2d-89357671a567&#8243; button_text_color_last_edited=&#8221;off|desktop&#8221; button_border_color_last_edited=&#8221;off|desktop&#8221; global_colors_info=&#8221;{%22gcid-21a38e2e-aa1a-425d-9e2d-89357671a567%22:%91%22button_text_color%22,%22button_bg_color__hover%22,%22button_border_color%22,%22button_border_color__hover%22%93}&#8221; button_text_color__hover_enabled=&#8221;on|desktop&#8221; button_text_color__hover=&#8221;#FFFFFF&#8221; button_bg_color__hover_enabled=&#8221;on|hover&#8221; button_bg_color__hover=&#8221;#00457a&#8221; button_bg_enable_color__hover=&#8221;on&#8221; button_border_color__hover_enabled=&#8221;on|hover&#8221; button_border_color__hover=&#8221;#00457a&#8221;][de_fb_form_field field_title=&#8221;Nme, Prenume&#8221; admin_title=&#8221;Nume, Prenume&#8221; field_id=&#8221;nume&#8221; required_mark=&#8221;on&#8221; _builder_version=&#8221;4.20.4&#8243; _module_preset=&#8221;default&#8221; global_colors_info=&#8221;{}&#8221;][\/de_fb_form_field][de_fb_form_field field_title=&#8221;E-mail&#8221; admin_title=&#8221;E-mail&#8221; field_id=&#8221;email&#8221; field_type=&#8221;email&#8221; required_mark=&#8221;on&#8221; _builder_version=&#8221;4.20.4&#8243; _module_preset=&#8221;default&#8221; global_colors_info=&#8221;{}&#8221;][\/de_fb_form_field][de_fb_form_field field_title=&#8221;Telefon&#8221; admin_title=&#8221;Telefon&#8221; field_id=&#8221;telefon&#8221; field_type=&#8221;number&#8221; required_mark=&#8221;on&#8221; _builder_version=&#8221;4.20.4&#8243; _module_preset=&#8221;default&#8221; custom_radio_checkbox_button=&#8221;on&#8221; radio_checkbox_button_text_color=&#8221;#FFFFFF&#8221; global_colors_info=&#8221;{}&#8221;][\/de_fb_form_field][de_fb_form_field field_title=&#8221;Mesaj&#8221; admin_title=&#8221;Mesaj&#8221; field_id=&#8221;Mesaj&#8221; field_type=&#8221;text&#8221; _builder_version=&#8221;4.20.4&#8243; _module_preset=&#8221;default&#8221; global_colors_info=&#8221;{}&#8221;][\/de_fb_form_field][de_fb_form_field field_title=&#8221;GDPR&#8221; admin_title=&#8221;GDPR&#8221; field_id=&#8221;GDPR&#8221; field_type=&#8221;checkbox&#8221; checkbox_options=&#8221;%91{%22value%22:%22Sunt de acord cu %22,%22checked%22:0,%22dragID%22:-1,%22link_text%22:%22Politica Confidentialitate%22,%22link_url%22:%22https:\/\/sarmesicabluri.ro\/politica-confidentialitate\/%22}%93&#8243; required_mark=&#8221;on&#8221; _builder_version=&#8221;4.20.4&#8243; _module_preset=&#8221;default&#8221; form_field_text_color=&#8221;#FFFFFF&#8221; form_field_focus_text_color=&#8221;#FFFFFF&#8221; radio_active_text_text_color=&#8221;#FFFFFF&#8221; content_text_text_color=&#8221;#FFFFFF&#8221; global_colors_info=&#8221;{}&#8221;][\/de_fb_form_field][\/de_fb_form][\/et_pb_column][et_pb_column type=&#8221;1_2&#8243; _builder_version=&#8221;4.20.4&#8243; custom_padding=&#8221;|||&#8221; custom_padding_tablet=&#8221;0px||20px||false|false&#8221; custom_padding_phone=&#8221;|10px||10px|false|true&#8221; custom_padding_last_edited=&#8221;on|tablet&#8221; background_color_tablet=&#8221;#FFFFFF&#8221; background_last_edited=&#8221;on|tablet&#8221; background_enable_color_tablet=&#8221;on&#8221; global_colors_info=&#8221;{}&#8221; custom_padding__hover=&#8221;|||&#8221;][et_pb_image src=&#8221;@ET-DC@eyJkeW5hbWljIjp0cnVlLCJjb250ZW50Ijoic2l0ZV9sb2dvIiwic2V0dGluZ3MiOnt9fQ==@&#8221; url=&#8221;@ET-DC@eyJkeW5hbWljIjp0cnVlLCJjb250ZW50IjoiaG9tZV91cmwiLCJzZXR0aW5ncyI6e319@&#8221; _builder_version=&#8221;4.20.4&#8243; _dynamic_attributes=&#8221;src,url&#8221; _module_preset=&#8221;default&#8221; width_tablet=&#8221;65%&#8221; width_phone=&#8221;&#8221; width_last_edited=&#8221;on|tablet&#8221; module_alignment_tablet=&#8221;center&#8221; module_alignment_phone=&#8221;&#8221; module_alignment_last_edited=&#8221;on|tablet&#8221; global_colors_info=&#8221;{}&#8221;][\/et_pb_image][et_pb_text _builder_version=&#8221;4.16&#8243; text_font=&#8221;|700|||||||&#8221; text_font_size=&#8221;23px&#8221; header_font=&#8221;||||||||&#8221; text_orientation=&#8221;center&#8221; global_colors_info=&#8221;{}&#8221;]Contacteaza-ne echipa de vanzari[\/et_pb_text][et_pb_text _builder_version=&#8221;4.20.4&#8243; text_font=&#8221;||||||||&#8221; text_font_size=&#8221;18px&#8221; text_orientation=&#8221;center&#8221; custom_margin_tablet=&#8221;&#8221; custom_margin_phone=&#8221;0px||0px||false|false&#8221; custom_margin_last_edited=&#8221;on|phone&#8221; custom_padding_tablet=&#8221;&#8221; custom_padding_phone=&#8221;0px||0px||false|false&#8221; custom_padding_last_edited=&#8221;on|phone&#8221; global_colors_info=&#8221;{}&#8221;]<\/p>\n<p>Email: <a href=\"mailto:office@wireandcable.ro\">office@wireandcable.ro<\/a><\/p>\n<p>[\/et_pb_text][et_pb_text _builder_version=&#8221;4.16&#8243; text_font=&#8221;||||||||&#8221; text_font_size=&#8221;18px&#8221; text_orientation=&#8221;center&#8221; global_colors_info=&#8221;{}&#8221;]Telefon:<a href=\"tel:+40756542955\">+40 756 542 955 <\/a>[\/et_pb_text][\/et_pb_column][\/et_pb_row][\/et_pb_section]<\/p>","protected":false},"excerpt":{"rendered":"<p>APARATE DE SUDUR\u0102 S\u00c2RM\u0102 FIN\u0102Ob\u021bine\u021bi rezultate superioare la sudarea s\u00e2rmei sub\u021biri cu aparatele de sudr\u0103 Micro Weld . Concepute pentru sudarea cuprului \u0219i aluminiului, aceste ma\u0219ini sunt la un standard inalt pentru calitate \u0219i performan\u021b\u0103. Fie c\u0103 sunte\u021bi \u00een c\u0103utarea unei ma\u0219ini de sudur\u0103 care s\u0103 func\u021bioneze cu o \u00eenalt\u0103 fiabilitate, s\u0103 fie rezistent\u0103 sau [&hellip;]<\/p>","protected":false},"author":2,"featured_media":26638,"parent":0,"menu_order":0,"comment_status":"closed","ping_status":"closed","template":"","meta":{"_acf_changed":false,"_et_pb_use_builder":"on","_et_pb_old_content":"","_et_gb_content_width":"","footnotes":""},"class_list":["post-26611","page","type-page","status-publish","has-post-thumbnail","hentry"],"acf":[],"_links":{"self":[{"href":"https:\/\/sarmesicabluri.ro\/en\/wp-json\/wp\/v2\/pages\/26611","targetHints":{"allow":["GET"]}}],"collection":[{"href":"https:\/\/sarmesicabluri.ro\/en\/wp-json\/wp\/v2\/pages"}],"about":[{"href":"https:\/\/sarmesicabluri.ro\/en\/wp-json\/wp\/v2\/types\/page"}],"author":[{"embeddable":true,"href":"https:\/\/sarmesicabluri.ro\/en\/wp-json\/wp\/v2\/users\/2"}],"replies":[{"embeddable":true,"href":"https:\/\/sarmesicabluri.ro\/en\/wp-json\/wp\/v2\/comments?post=26611"}],"version-history":[{"count":8,"href":"https:\/\/sarmesicabluri.ro\/en\/wp-json\/wp\/v2\/pages\/26611\/revisions"}],"predecessor-version":[{"id":28742,"href":"https:\/\/sarmesicabluri.ro\/en\/wp-json\/wp\/v2\/pages\/26611\/revisions\/28742"}],"wp:featuredmedia":[{"embeddable":true,"href":"https:\/\/sarmesicabluri.ro\/en\/wp-json\/wp\/v2\/media\/26638"}],"wp:attachment":[{"href":"https:\/\/sarmesicabluri.ro\/en\/wp-json\/wp\/v2\/media?parent=26611"}],"curies":[{"name":"wp","href":"https:\/\/api.w.org\/{rel}","templated":true}]}}