{"id":26000,"date":"2023-06-20T10:44:06","date_gmt":"2023-06-20T10:44:06","guid":{"rendered":"https:\/\/sarmesicabluri.ro\/?page_id=26000"},"modified":"2025-06-25T07:57:56","modified_gmt":"2025-06-25T07:57:56","slug":"moviroll-dispozitive-de-impins-tamburi-sau-bobine-din-sarma-si-cablu-de-pana-la-50-de-tone","status":"publish","type":"page","link":"https:\/\/sarmesicabluri.ro\/en\/moviroll-dispozitive-de-impins-tamburi-sau-bobine-din-sarma-si-cablu-de-pana-la-50-de-tone\/","title":{"rendered":"MOVIROLL \u2013 DEVICES FOR PUSHING DRUMS OR COILS OF WIRE AND CABLE UP TO 50 TONS"},"content":{"rendered":"<p>[et_pb_section fb_built=&#8221;1&#8243; _builder_version=&#8221;4.20.4&#8243; _module_preset=&#8221;default&#8221; da_disable_devices=&#8221;off|off|off&#8221; global_colors_info=&#8221;{}&#8221; da_is_popup=&#8221;off&#8221; da_exit_intent=&#8221;off&#8221; da_has_close=&#8221;on&#8221; da_alt_close=&#8221;off&#8221; da_dark_close=&#8221;off&#8221; da_not_modal=&#8221;on&#8221; da_is_singular=&#8221;off&#8221; da_with_loader=&#8221;off&#8221; da_has_shadow=&#8221;on&#8221;][et_pb_row _builder_version=&#8221;4.20.4&#8243; _module_preset=&#8221;default&#8221; global_colors_info=&#8221;{}&#8221;][et_pb_column type=&#8221;4_4&#8243; _builder_version=&#8221;4.20.4&#8243; _module_preset=&#8221;default&#8221; global_colors_info=&#8221;{}&#8221;][et_pb_text _builder_version=&#8221;4.20.4&#8243; _module_preset=&#8221;default&#8221; header_text_align=&#8221;center&#8221; global_colors_info=&#8221;{}&#8221;]<\/p>\n<h1 style=\"text-align: center;\"><span style=\"color: #ec6707;\">MOVIROLL \u2013 DEVICES FOR PUSHING DRUMS OR COILS OF WIRE AND CABLE UP TO 50 TONS<\/span><\/h1>\n<p>[\/et_pb_text][\/et_pb_column][\/et_pb_row][\/et_pb_section][et_pb_section fb_built=&#8221;1&#8243; _builder_version=&#8221;4.20.4&#8243; _module_preset=&#8221;default&#8221; da_disable_devices=&#8221;off|off|off&#8221; global_colors_info=&#8221;{}&#8221; da_is_popup=&#8221;off&#8221; da_exit_intent=&#8221;off&#8221; da_has_close=&#8221;on&#8221; da_alt_close=&#8221;off&#8221; da_dark_close=&#8221;off&#8221; da_not_modal=&#8221;on&#8221; da_is_singular=&#8221;off&#8221; da_with_loader=&#8221;off&#8221; da_has_shadow=&#8221;on&#8221;][et_pb_row column_structure=&#8221;1_2,1_2&#8243; _builder_version=&#8221;4.20.4&#8243; _module_preset=&#8221;default&#8221; global_colors_info=&#8221;{}&#8221;][et_pb_column type=&#8221;1_2&#8243; _builder_version=&#8221;4.20.4&#8243; _module_preset=&#8221;default&#8221; global_colors_info=&#8221;{}&#8221;][et_pb_video src=&#8221;https:\/\/sarmesicabluri.ro\/wp-content\/uploads\/2022\/06\/Moviroll_MRE-L_eng-online-video-cutter.com_.mp4&#8243; _builder_version=&#8221;4.20.4&#8243; _module_preset=&#8221;default&#8221; global_colors_info=&#8221;{}&#8221;][\/et_pb_video][et_pb_image src=&#8221;https:\/\/sarmesicabluri.ro\/wp-content\/uploads\/2023\/06\/MOVIROLL-MR.jpg&#8221; title_text=&#8221;MOVIROLL MR&#8221; align=&#8221;center&#8221; _builder_version=&#8221;4.20.4&#8243; _module_preset=&#8221;default&#8221; global_colors_info=&#8221;{}&#8221;][\/et_pb_image][et_pb_image src=&#8221;https:\/\/sarmesicabluri.ro\/wp-content\/uploads\/2023\/06\/MOVIROLL-MRE-XS-L.jpg&#8221; title_text=&#8221;MOVIROLL MRE XS L&#8221; align=&#8221;center&#8221; _builder_version=&#8221;4.20.4&#8243; _module_preset=&#8221;default&#8221; global_colors_info=&#8221;{}&#8221;][\/et_pb_image][et_pb_image src=&#8221;https:\/\/sarmesicabluri.ro\/wp-content\/uploads\/2023\/06\/MOVIROLL-MRE-L.png&#8221; title_text=&#8221;MOVIROLL MRE L&#8221; align=&#8221;center&#8221; _builder_version=&#8221;4.20.4&#8243; _module_preset=&#8221;default&#8221; global_colors_info=&#8221;{}&#8221;][\/et_pb_image][\/et_pb_column][et_pb_column type=&#8221;1_2&#8243; _builder_version=&#8221;4.20.4&#8243; _module_preset=&#8221;default&#8221; global_colors_info=&#8221;{}&#8221;][et_pb_text _builder_version=&#8221;4.20.4&#8243; _module_preset=&#8221;default&#8221; global_colors_info=&#8221;{}&#8221;]<\/p>\n<h2>MOVIROLL MR<\/h2>\n<ul>\n<li>Pneumatic drum\/reel pushers that use the power of a high-quality geared motor, powered by pressurized air and lubricated at 6 bar-<\/li>\n<li>Impingatoarele MR de tamburi\/ bobine au dimensiuni compacte, ideale pentru a separa doua role atunci cand sunt in contact, iar manerul curbat \u201eS\u201d permite folosirea Moviroll-ului alaturi de role pentru a simplifica manipularea.<\/li>\n<li>Moviroll MR is designed to provide the highest performance and to maintain it unchanged over time.<\/li>\n<\/ul>\n<p>&nbsp;<\/p>\n<p>[\/et_pb_text][et_pb_button button_url=&#8221;https:\/\/sarmesicabluri.ro\/wp-content\/uploads\/2023\/06\/BROSURA-MOVIROLL_MR.pdf&#8221; url_new_window=&#8221;on&#8221; button_text=&#8221;Brosura MOVIROLL MR&#8221; _builder_version=&#8221;4.20.4&#8243; _module_preset=&#8221;default&#8221; custom_button=&#8221;on&#8221; button_text_color=&#8221;#ffffff&#8221; button_bg_color=&#8221;#ec6707&#8243; button_border_width=&#8221;0px&#8221; button_border_radius=&#8221;0px&#8221; global_colors_info=&#8221;{}&#8221;][\/et_pb_button][et_pb_text _builder_version=&#8221;4.20.4&#8243; _module_preset=&#8221;default&#8221; global_colors_info=&#8221;{}&#8221;]<\/p>\n<h2>MOVIROLL MRE<\/h2>\n<ul>\n<li>Drum\/reel pushers with battery, offer the advantage of free movement without the constraints of pneumatic connections or electrical cables.<\/li>\n<li>They are equipped with a 24 V DC IP 44 or 48 V DC IP 44 brushless motor powered by a 24 V or 48 V plug&amp;play high-performance lithium battery.<\/li>\n<\/ul>\n<p><img loading=\"lazy\" decoding=\"async\" class=\"wp-image-26004 size-medium aligncenter\" src=\"https:\/\/sarmesicabluri.ro\/wp-content\/uploads\/2023\/06\/MOVIROLL-MRE-276x300.jpg\" alt=\"MOVIROLL \u2013 DISPOZITIVE DE IMPINS TAMBURI SAU BOBINE DIN S\u00c2RM\u0102 \u0218I CABLU DE P\u00c2N\u0102 LA 50 DE TONE  \" width=\"276\" height=\"300\" \/><\/p>\n<p>[\/et_pb_text][et_pb_text _builder_version=&#8221;4.20.4&#8243; _module_preset=&#8221;default&#8221; global_colors_info=&#8221;{}&#8221;]<\/p>\n<h2>MOVIROLL MRE L<\/h2>\n<ul>\n<li>It is also equipped with a tipping handle: when working space is limited, the operator can work alongside the load by pulling it instead of pushing it.<\/li>\n<li>The Moviroll MRE XS L battery drum\/reel pusher reaches the dimensions of pneumatic roller pushers.<\/li>\n<li>It has all the features of a Moviroll battery roller pusher, but with smaller weight and dimensions for greater ease of use and to be operated in the smallest spaces<\/li>\n<\/ul>\n<p>[\/et_pb_text][et_pb_button button_url=&#8221;https:\/\/sarmesicabluri.ro\/wp-content\/uploads\/2023\/06\/BROSURA-Moviroll_MRE_L.pdf&#8221; url_new_window=&#8221;on&#8221; button_text=&#8221;Brosura MOVIROLL MRE L&#8221; _builder_version=&#8221;4.20.4&#8243; _module_preset=&#8221;default&#8221; custom_button=&#8221;on&#8221; button_text_color=&#8221;#ffffff&#8221; button_bg_color=&#8221;#ec6707&#8243; button_border_width=&#8221;0px&#8221; button_border_radius=&#8221;0px&#8221; global_colors_info=&#8221;{}&#8221;][\/et_pb_button][et_pb_text _builder_version=&#8221;4.20.4&#8243; _module_preset=&#8221;default&#8221; global_colors_info=&#8221;{}&#8221;]<\/p>\n<h2>MOVIROLL MRE XS L<\/h2>\n<ul>\n<li>Despite its small size, it is durable and achieves the highest performance.<\/li>\n<li>It is equipped with a 48 V lithium battery and a 48 V DC IP 44 brushless motor that are maintenance-free and allow a wider range of speeds.<\/li>\n<li>To suit any operator need, the handle can be mounted at two heights, 850 and 920 mm from the ground.<\/li>\n<\/ul>\n<p>All battery powered roller pushers are equipped with:<\/p>\n<ul>\n<li>two separate and intuitive buttons for forward and backward gear;<\/li>\n<li>a battery status LED, which warns when the battery needs to be recharged;<\/li>\n<li>on\/off button, which keeps the battery charged without having to remove the battery.<\/li>\n<li>cut frames for easy rubber roller change;<\/li>\n<li>oversized wheels to easily overcome any obstacles, small debris and small gaps along the way.<\/li>\n<\/ul>\n<p>[\/et_pb_text][et_pb_button button_url=&#8221;https:\/\/sarmesicabluri.ro\/wp-content\/uploads\/2023\/06\/BROSURA-Moviroll_MRE_XS_L.pdf&#8221; url_new_window=&#8221;on&#8221; button_text=&#8221;Brosura MOVIROLL MRE XS L&#8221; _builder_version=&#8221;4.20.4&#8243; _module_preset=&#8221;default&#8221; custom_button=&#8221;on&#8221; button_text_color=&#8221;#ffffff&#8221; button_bg_color=&#8221;#ec6707&#8243; button_border_width=&#8221;0px&#8221; button_border_radius=&#8221;0px&#8221; global_colors_info=&#8221;{}&#8221;][\/et_pb_button][et_pb_text _builder_version=&#8221;4.20.4&#8243; _module_preset=&#8221;default&#8221; global_colors_info=&#8221;{}&#8221;]<\/p>\n<h2>ACCESSORY<\/h2>\n<p>In addition to being moved in a straight line, the spools may need to change direction without requiring the worker to use brute force to rotate it.<\/p>\n<p>Thinking about operator safety, Renova also offers a wide range of accessories.<\/p>\n<p><strong>REEL TURNER<\/strong> is the accessory specially designed within the Moviroll line for tasks with rotating flanges.<\/p>\n<p>Moviroll can lift the reel onto the Reel Turner and then the operator can effortlessly complete the rotation in the correct position.<\/p>\n<p>When unloading the reel, the Safety Stop Wedge can be used as a safety measure to prevent the reel from running beyond its intended travel.<\/p>\n<p><img loading=\"lazy\" decoding=\"async\" class=\"aligncenter wp-image-26018 size-medium\" src=\"https:\/\/sarmesicabluri.ro\/wp-content\/uploads\/2023\/06\/accesorii-248x300.jpg\" alt=\"MOVIROLL \u2013 DISPOZITIVE DE IMPINS TAMBURI SAU BOBINE DIN S\u00c2RM\u0102 \u0218I CABLU DE P\u00c2N\u0102 LA 50 DE TONE  \" width=\"248\" height=\"300\" \/><\/p>\n<p>[\/et_pb_text][et_pb_button button_url=&#8221;https:\/\/www.renova-srl.com\/it\/sistemi-di-movimentazione-dei-materiali\/spingi-bobina-moviroll\/%20&#8243; url_new_window=&#8221;on&#8221; button_text=&#8221;Link Furnizor&#8221; _builder_version=&#8221;4.20.4&#8243; _module_preset=&#8221;default&#8221; custom_button=&#8221;on&#8221; button_text_color=&#8221;#ffffff&#8221; button_bg_color=&#8221;#ec6707&#8243; button_border_width=&#8221;0px&#8221; button_border_radius=&#8221;0px&#8221; global_colors_info=&#8221;{}&#8221;][\/et_pb_button][\/et_pb_column][\/et_pb_row][\/et_pb_section][et_pb_section fb_built=&#8221;1&#8243; custom_padding_last_edited=&#8221;on|tablet&#8221; _builder_version=&#8221;4.20.4&#8243; _module_preset=&#8221;default&#8221; use_background_color_gradient=&#8221;on&#8221; background_color_gradient_direction=&#8221;90deg&#8221; background_color_gradient_stops=&#8221;gcid-21a38e2e-aa1a-425d-9e2d-89357671a567 43%|#ffffff 43%&#8221; custom_margin_tablet=&#8221;0px||0px||true|false&#8221; custom_margin_phone=&#8221;&#8221; custom_margin_last_edited=&#8221;on|tablet&#8221; custom_padding_tablet=&#8221;0px||0px||false|false&#8221; custom_padding_phone=&#8221;&#8221; background_last_edited=&#8221;on|tablet&#8221; use_background_color_gradient_tablet=&#8221;off&#8221; da_disable_devices=&#8221;off|off|off&#8221; global_module=&#8221;3923&#8243; saved_tabs=&#8221;all&#8221; global_colors_info=&#8221;{%22gcid-21a38e2e-aa1a-425d-9e2d-89357671a567%22:%91%22background_color_gradient_stops%22%93}&#8221; da_is_popup=&#8221;off&#8221; da_exit_intent=&#8221;off&#8221; da_has_close=&#8221;on&#8221; da_alt_close=&#8221;off&#8221; da_dark_close=&#8221;off&#8221; da_not_modal=&#8221;on&#8221; da_is_singular=&#8221;off&#8221; da_with_loader=&#8221;off&#8221; da_has_shadow=&#8221;on&#8221;][et_pb_row column_structure=&#8221;1_2,1_2&#8243; custom_padding_last_edited=&#8221;on|tablet&#8221; _builder_version=&#8221;4.20.4&#8243; background_enable_color=&#8221;off&#8221; width_tablet=&#8221;100%&#8221; width_phone=&#8221;&#8221; width_last_edited=&#8221;on|tablet&#8221; module_alignment=&#8221;center&#8221; custom_padding_tablet=&#8221;20px|0px|20px|0px|false|true&#8221; custom_padding_phone=&#8221;&#8221; background_color_tablet=&#8221;gcid-80d6d694-04f4-444b-932e-01bc4f36907f&#8221; background_last_edited=&#8221;on|tablet&#8221; background_enable_color_tablet=&#8221;on&#8221; global_colors_info=&#8221;{%22gcid-80d6d694-04f4-444b-932e-01bc4f36907f%22:%91%22background_color%22%93}&#8221;][et_pb_column type=&#8221;1_2&#8243; _builder_version=&#8221;4.20.4&#8243; custom_padding=&#8221;||||false|true&#8221; custom_padding_tablet=&#8221;|10%||10%|false|true&#8221; custom_padding_phone=&#8221;&#8221; custom_padding_last_edited=&#8221;on|tablet&#8221; global_colors_info=&#8221;{}&#8221; custom_padding__hover=&#8221;|||&#8221;][\/et_pb_column][et_pb_column type=&#8221;1_2&#8243; _builder_version=&#8221;4.20.4&#8243; custom_padding=&#8221;|||&#8221; custom_padding_tablet=&#8221;0px||20px||false|false&#8221; custom_padding_phone=&#8221;|10px||10px|false|true&#8221; custom_padding_last_edited=&#8221;on|tablet&#8221; background_color_tablet=&#8221;#FFFFFF&#8221; background_last_edited=&#8221;on|tablet&#8221; background_enable_color_tablet=&#8221;on&#8221; global_colors_info=&#8221;{}&#8221; custom_padding__hover=&#8221;|||&#8221;][et_pb_image src=&#8221;@ET-DC@eyJkeW5hbWljIjp0cnVlLCJjb250ZW50Ijoic2l0ZV9sb2dvIiwic2V0dGluZ3MiOnt9fQ==@&#8221; url=&#8221;@ET-DC@eyJkeW5hbWljIjp0cnVlLCJjb250ZW50IjoiaG9tZV91cmwiLCJzZXR0aW5ncyI6e319@&#8221; _builder_version=&#8221;4.20.4&#8243; _dynamic_attributes=&#8221;src,url&#8221; _module_preset=&#8221;default&#8221; width_tablet=&#8221;65%&#8221; width_phone=&#8221;&#8221; width_last_edited=&#8221;on|tablet&#8221; module_alignment_tablet=&#8221;center&#8221; module_alignment_phone=&#8221;&#8221; module_alignment_last_edited=&#8221;on|tablet&#8221; global_colors_info=&#8221;{}&#8221;][\/et_pb_image][et_pb_text _builder_version=&#8221;4.16&#8243; text_font=&#8221;|700|||||||&#8221; text_font_size=&#8221;23px&#8221; header_font=&#8221;||||||||&#8221; text_orientation=&#8221;center&#8221; global_colors_info=&#8221;{}&#8221;]Contacteaza-ne echipa de vanzari[\/et_pb_text][et_pb_text _builder_version=&#8221;4.20.4&#8243; text_font=&#8221;||||||||&#8221; text_font_size=&#8221;18px&#8221; text_orientation=&#8221;center&#8221; custom_margin_tablet=&#8221;&#8221; custom_margin_phone=&#8221;0px||0px||false|false&#8221; custom_margin_last_edited=&#8221;on|phone&#8221; custom_padding_tablet=&#8221;&#8221; custom_padding_phone=&#8221;0px||0px||false|false&#8221; custom_padding_last_edited=&#8221;on|phone&#8221; global_colors_info=&#8221;{}&#8221;]<\/p>\n<p>Email: <a href=\"mailto:office@wireandcable.ro\">office@wireandcable.ro<\/a><\/p>\n<p>[\/et_pb_text][et_pb_text _builder_version=&#8221;4.16&#8243; text_font=&#8221;||||||||&#8221; text_font_size=&#8221;18px&#8221; text_orientation=&#8221;center&#8221; global_colors_info=&#8221;{}&#8221;]Telefon:<a href=\"tel:+40756542955\">+40 756 542 955 <\/a>[\/et_pb_text][\/et_pb_column][\/et_pb_row][\/et_pb_section]<\/p>","protected":false},"excerpt":{"rendered":"<p>MOVIROLL \u2013 DISPOZITIVE DE IMPINS TAMBURI SAU BOBINE DIN S\u00c2RM\u0102 \u0218I CABLU DE P\u00c2N\u0102 LA 50 DE TONEMOVIROLL MR \u00cemping\u0103toarele pneumatice de tamburi\/bobine care folosesc puterea unui motorreductor de \u00eenalt\u0103 calitate, alimentat de aer presurizat \u0219i lubrifiat la 6 bar- Impingatoarele MR de tamburi\/ bobine au dimensiuni compacte, ideale pentru a separa doua role atunci [&hellip;]<\/p>","protected":false},"author":2,"featured_media":2262,"parent":0,"menu_order":0,"comment_status":"closed","ping_status":"closed","template":"","meta":{"_acf_changed":false,"_et_pb_use_builder":"on","_et_pb_old_content":"","_et_gb_content_width":"","footnotes":""},"class_list":["post-26000","page","type-page","status-publish","has-post-thumbnail","hentry"],"acf":[],"_links":{"self":[{"href":"https:\/\/sarmesicabluri.ro\/en\/wp-json\/wp\/v2\/pages\/26000","targetHints":{"allow":["GET"]}}],"collection":[{"href":"https:\/\/sarmesicabluri.ro\/en\/wp-json\/wp\/v2\/pages"}],"about":[{"href":"https:\/\/sarmesicabluri.ro\/en\/wp-json\/wp\/v2\/types\/page"}],"author":[{"embeddable":true,"href":"https:\/\/sarmesicabluri.ro\/en\/wp-json\/wp\/v2\/users\/2"}],"replies":[{"embeddable":true,"href":"https:\/\/sarmesicabluri.ro\/en\/wp-json\/wp\/v2\/comments?post=26000"}],"version-history":[{"count":16,"href":"https:\/\/sarmesicabluri.ro\/en\/wp-json\/wp\/v2\/pages\/26000\/revisions"}],"predecessor-version":[{"id":29187,"href":"https:\/\/sarmesicabluri.ro\/en\/wp-json\/wp\/v2\/pages\/26000\/revisions\/29187"}],"wp:featuredmedia":[{"embeddable":true,"href":"https:\/\/sarmesicabluri.ro\/en\/wp-json\/wp\/v2\/media\/2262"}],"wp:attachment":[{"href":"https:\/\/sarmesicabluri.ro\/en\/wp-json\/wp\/v2\/media?parent=26000"}],"curies":[{"name":"wp","href":"https:\/\/api.w.org\/{rel}","templated":true}]}}